{"id":716,"date":"2024-06-07T16:32:29","date_gmt":"2024-06-07T16:32:29","guid":{"rendered":"https:\/\/www.houseluz.com\/?post_type=product&#038;p=716"},"modified":"2024-06-07T16:32:29","modified_gmt":"2024-06-07T16:32:29","slug":"shaula-pequeno","status":"publish","type":"product","link":"https:\/\/www.houseluz.com\/?product=shaula-pequeno","title":{"rendered":"Shaula Peque\u00f1o"},"content":{"rendered":"<p>Descubre el aplique de luz directa que transformar\u00e1 tus espacios exteriores con un toque de estilo y funcionalidad. Este aplique, con una elegante combinaci\u00f3n de negro y blanco, est\u00e1 dise\u00f1ado para realzar la belleza de tu hogar mientras proporciona una iluminaci\u00f3n efectiva.<\/p>\n<p>Realizado en aluminio y cristal, este aplique garantiza durabilidad y una apariencia sofisticada. Sus dimensiones de 36,5&#215;16,5&#215;9,5 cm son ideales para ofrecer una presencia notable sin ser intrusiva, asegurando que se adapte perfectamente a cualquier entorno exterior. Equipado con un portal\u00e1mparas 1xE27 y con bombillas incluidas, este aplique est\u00e1 listo para usar desde el primer momento.<\/p>\n<p>Su \u00edndice de protecci\u00f3n IP44 asegura que es resistente a las salpicaduras de agua y al polvo, haci\u00e9ndolo ideal para su uso en exteriores. Funciona con un voltaje de 220-240 V, compatible con la mayor\u00eda de los sistemas el\u00e9ctricos, lo que facilita su instalaci\u00f3n y uso.<\/p>\n<p>El aplique de luz directa combina dise\u00f1o y funcionalidad, asegurando que tu hogar se vea elegante y acogedor en todo momento. Ilumina tus noches con estilo y eficiencia gracias a este aplique exterior de alta calidad.<\/p>\n","protected":false},"excerpt":{"rendered":"<p>Descubre el aplique de luz directa que transformar\u00e1 tus espacios exteriores con un toque de estilo y funcionalidad. Este aplique, con una elegante combinaci\u00f3n de negro y blanco, est\u00e1 dise\u00f1ado para realzar la belleza de tu hogar mientras proporciona una iluminaci\u00f3n efectiva. Realizado en aluminio y cristal, este aplique garantiza durabilidad y una apariencia sofisticada. [&hellip;]<\/p>\n","protected":false},"featured_media":707,"comment_status":"open","ping_status":"closed","template":"","meta":[],"product_cat":[26,19],"product_tag":[],"_links":{"self":[{"href":"https:\/\/www.houseluz.com\/index.php?rest_route=\/wp\/v2\/product\/716"}],"collection":[{"href":"https:\/\/www.houseluz.com\/index.php?rest_route=\/wp\/v2\/product"}],"about":[{"href":"https:\/\/www.houseluz.com\/index.php?rest_route=\/wp\/v2\/types\/product"}],"replies":[{"embeddable":true,"href":"https:\/\/www.houseluz.com\/index.php?rest_route=%2Fwp%2Fv2%2Fcomments&post=716"}],"wp:featuredmedia":[{"embeddable":true,"href":"https:\/\/www.houseluz.com\/index.php?rest_route=\/wp\/v2\/media\/707"}],"wp:attachment":[{"href":"https:\/\/www.houseluz.com\/index.php?rest_route=%2Fwp%2Fv2%2Fmedia&parent=716"}],"wp:term":[{"taxonomy":"product_cat","embeddable":true,"href":"https:\/\/www.houseluz.com\/index.php?rest_route=%2Fwp%2Fv2%2Fproduct_cat&post=716"},{"taxonomy":"product_tag","embeddable":true,"href":"https:\/\/www.houseluz.com\/index.php?rest_route=%2Fwp%2Fv2%2Fproduct_tag&post=716"}],"curies":[{"name":"wp","href":"https:\/\/api.w.org\/{rel}","templated":true}]}}