{"id":715,"date":"2024-06-07T16:30:53","date_gmt":"2024-06-07T16:30:53","guid":{"rendered":"https:\/\/www.houseluz.com\/?post_type=product&#038;p=715"},"modified":"2024-06-07T16:30:53","modified_gmt":"2024-06-07T16:30:53","slug":"bellatrix","status":"publish","type":"product","link":"https:\/\/www.houseluz.com\/?product=bellatrix","title":{"rendered":"Bellatrix"},"content":{"rendered":"<p>Descubre el aplique de luz difusa, una soluci\u00f3n elegante y pr\u00e1ctica para iluminar tus espacios exteriores. Este aplique, disponible en una sofisticada combinaci\u00f3n de blanco, negro y oro viejo, est\u00e1 dise\u00f1ado para aportar un toque de distinci\u00f3n a tu hogar.<\/p>\n<p>Realizado en aluminio y policarbonato, combina durabilidad y est\u00e9tica. Con dimensiones de 25x11x19,5 cm, es perfecto para iluminar \u00e1reas sin ocupar mucho espacio. Su peso neto de 750 g lo hace f\u00e1cil de manejar e instalar. Equipado con un portal\u00e1mparas 1xE27, permite el uso de diversas bombillas, y su \u00edndice de protecci\u00f3n IP44 asegura resistencia a salpicaduras y polvo, ideal para exteriores.<\/p>\n<p>Este aplique es perfecto para iluminar porches y entradas, proporcionando una luz difusa y acogedora. Adem\u00e1s, las bombillas est\u00e1n incluidas, as\u00ed que puedes disfrutar de su iluminaci\u00f3n desde el primer momento. Funciona con un voltaje de 220-240 V, compatible con la mayor\u00eda de los sistemas el\u00e9ctricos.<\/p>\n","protected":false},"excerpt":{"rendered":"<p>Descubre el aplique de luz difusa, una soluci\u00f3n elegante y pr\u00e1ctica para iluminar tus espacios exteriores. Este aplique, disponible en una sofisticada combinaci\u00f3n de blanco, negro y oro viejo, est\u00e1 dise\u00f1ado para aportar un toque de distinci\u00f3n a tu hogar. Realizado en aluminio y policarbonato, combina durabilidad y est\u00e9tica. Con dimensiones de 25x11x19,5 cm, es [&hellip;]<\/p>\n","protected":false},"featured_media":709,"comment_status":"open","ping_status":"closed","template":"","meta":[],"product_cat":[26,19],"product_tag":[],"_links":{"self":[{"href":"https:\/\/www.houseluz.com\/index.php?rest_route=\/wp\/v2\/product\/715"}],"collection":[{"href":"https:\/\/www.houseluz.com\/index.php?rest_route=\/wp\/v2\/product"}],"about":[{"href":"https:\/\/www.houseluz.com\/index.php?rest_route=\/wp\/v2\/types\/product"}],"replies":[{"embeddable":true,"href":"https:\/\/www.houseluz.com\/index.php?rest_route=%2Fwp%2Fv2%2Fcomments&post=715"}],"wp:featuredmedia":[{"embeddable":true,"href":"https:\/\/www.houseluz.com\/index.php?rest_route=\/wp\/v2\/media\/709"}],"wp:attachment":[{"href":"https:\/\/www.houseluz.com\/index.php?rest_route=%2Fwp%2Fv2%2Fmedia&parent=715"}],"wp:term":[{"taxonomy":"product_cat","embeddable":true,"href":"https:\/\/www.houseluz.com\/index.php?rest_route=%2Fwp%2Fv2%2Fproduct_cat&post=715"},{"taxonomy":"product_tag","embeddable":true,"href":"https:\/\/www.houseluz.com\/index.php?rest_route=%2Fwp%2Fv2%2Fproduct_tag&post=715"}],"curies":[{"name":"wp","href":"https:\/\/api.w.org\/{rel}","templated":true}]}}