{"id":693,"date":"2024-06-07T16:21:11","date_gmt":"2024-06-07T16:21:11","guid":{"rendered":"https:\/\/www.houseluz.com\/?post_type=product&#038;p=693"},"modified":"2024-06-07T16:22:26","modified_gmt":"2024-06-07T16:22:26","slug":"auriga-sobremuro","status":"publish","type":"product","link":"https:\/\/www.houseluz.com\/?product=auriga-sobremuro","title":{"rendered":"Auriga Sobremuro"},"content":{"rendered":"<p>\u00a1Bienvenidos a la revoluci\u00f3n en iluminaci\u00f3n exterior! Presentamos nuestra <strong>Luz de Proyecci\u00f3n Directa<\/strong>, dise\u00f1ada para transformar cualquier espacio al aire libre con su brillo elegante y sofisticado.<\/p>\n<h4>Caracter\u00edsticas Destacadas:<\/h4>\n<p><strong>\u2728 Bombillas Incluidas<\/strong>: S\u00ed, nos adelantamos a tus necesidades para que no te falte nada.<\/p>\n<p><strong>\ud83d\udca1 Portal\u00e1mparas<\/strong>: 1xE27, el est\u00e1ndar que asegura compatibilidad y facilidad de uso.<\/p>\n<p><strong>\ud83c\udf1f Color<\/strong>: Adem\u00e1s de Negro, est\u00e1 el Blanco, puro y vers\u00e1til, ideal para cualquier decoraci\u00f3n.<\/p>\n<p><strong>\ud83c\udf1f Material<\/strong>: Una combinaci\u00f3n robusta de aluminio y cristal que garantiza durabilidad y estilo.<\/p>\n<p><strong>\ud83c\udf1f Uso Recomendado<\/strong>: Perfecta para exteriores, dise\u00f1ada para resistir las inclemencias del tiempo.<\/p>\n<p><strong>\ud83d\udccf Tama\u00f1o<\/strong>: 38x19x19 cm, perfecta para destacar sin ser invasiva.<\/p>\n<p><strong>\u2696 Peso Neto<\/strong>: 785 gr \u2013 ligera y manejable.<\/p>\n<p><strong>\ud83d\udd27 \u00cdndice de Protecci\u00f3n<\/strong>: 44 IP, ideal para resistir salpicaduras y part\u00edculas s\u00f3lidas.<\/p>\n<p><strong>\u26a1 Voltaje<\/strong>: 220-240 V, compatible con la mayor\u00eda de los sistemas el\u00e9ctricos.<\/p>\n","protected":false},"excerpt":{"rendered":"<p>\u00a1Bienvenidos a la revoluci\u00f3n en iluminaci\u00f3n exterior! Presentamos nuestra Luz de Proyecci\u00f3n Directa, dise\u00f1ada para transformar cualquier espacio al aire libre con su brillo elegante y sofisticado. Caracter\u00edsticas Destacadas: \u2728 Bombillas Incluidas: S\u00ed, nos adelantamos a tus necesidades para que no te falte nada. \ud83d\udca1 Portal\u00e1mparas: 1xE27, el est\u00e1ndar que asegura compatibilidad y facilidad de [&hellip;]<\/p>\n","protected":false},"featured_media":684,"comment_status":"open","ping_status":"closed","template":"","meta":[],"product_cat":[19,69],"product_tag":[],"_links":{"self":[{"href":"https:\/\/www.houseluz.com\/index.php?rest_route=\/wp\/v2\/product\/693"}],"collection":[{"href":"https:\/\/www.houseluz.com\/index.php?rest_route=\/wp\/v2\/product"}],"about":[{"href":"https:\/\/www.houseluz.com\/index.php?rest_route=\/wp\/v2\/types\/product"}],"replies":[{"embeddable":true,"href":"https:\/\/www.houseluz.com\/index.php?rest_route=%2Fwp%2Fv2%2Fcomments&post=693"}],"wp:featuredmedia":[{"embeddable":true,"href":"https:\/\/www.houseluz.com\/index.php?rest_route=\/wp\/v2\/media\/684"}],"wp:attachment":[{"href":"https:\/\/www.houseluz.com\/index.php?rest_route=%2Fwp%2Fv2%2Fmedia&parent=693"}],"wp:term":[{"taxonomy":"product_cat","embeddable":true,"href":"https:\/\/www.houseluz.com\/index.php?rest_route=%2Fwp%2Fv2%2Fproduct_cat&post=693"},{"taxonomy":"product_tag","embeddable":true,"href":"https:\/\/www.houseluz.com\/index.php?rest_route=%2Fwp%2Fv2%2Fproduct_tag&post=693"}],"curies":[{"name":"wp","href":"https:\/\/api.w.org\/{rel}","templated":true}]}}