{"id":671,"date":"2024-06-07T16:01:26","date_gmt":"2024-06-07T16:01:26","guid":{"rendered":"https:\/\/www.houseluz.com\/?post_type=product&#038;p=671"},"modified":"2025-04-12T10:41:19","modified_gmt":"2025-04-12T10:41:19","slug":"spica","status":"publish","type":"product","link":"https:\/\/www.houseluz.com\/?product=spica","title":{"rendered":"Spica"},"content":{"rendered":"<p><span>\u00a1Transforma tu exterior con estilo! Nuestro aplique elegante en blanco ofrece una proyecci\u00f3n de luz directa que iluminar\u00e1 tus espacios al aire libre con distinci\u00f3n. Fabricado en aluminio y cristal de alta calidad, este accesorio es la mezcla perfecta de durabilidad.<\/span><\/p>\n<h3><span>Caracter\u00edsticas principales:<\/span><\/h3>\n<ul>\n<li><strong><span>Proyecci\u00f3n de la luz:<\/span><\/strong><span>Luz de<\/span><\/li>\n<li><strong><span>Bombillas incluidas:<\/span><\/strong><span> S\u00cd<\/span><\/li>\n<li><strong><span>Portal\u00e1mparas:<\/span><\/strong><span>1xE27<\/span><\/li>\n<li><strong><span>Color:<\/span><\/strong><span> Blanco y Negro<\/span><\/li>\n<li><strong><span>Material:<\/span><\/strong><span> Aluminio<\/span><\/li>\n<li><strong><span>Dimensiones:<\/span><\/strong><span>42x<\/span><\/li>\n<li><strong><span>\u00cdndice de protecci\u00f3n: <\/span><\/strong><span>IP 44<\/span><\/li>\n<li><strong><span>Voltaje:<\/span><\/strong><span> 22<\/span><\/li>\n<\/ul>\n<p><span>Perfecto para iluminar entradas, jardines o patios, su dise\u00f1o y materiales garantizan resistencia y una est\u00e9tica impecable. \u00a1Ilumina tus noches con elegancia y funcionalidad!<\/span><\/p>\n","protected":false},"excerpt":{"rendered":"<p>\u00a1Transforma tu exterior con estilo! Nuestro aplique elegante en blanco ofrece una proyecci\u00f3n de luz directa que iluminar\u00e1 tus espacios al aire libre con distinci\u00f3n. Fabricado en aluminio y cristal de alta calidad, este accesorio es la mezcla perfecta de durabilidad. Caracter\u00edsticas principales: Proyecci\u00f3n de la luz:Luz de Bombillas incluidas: S\u00cd Portal\u00e1mparas:1xE27 Color: Blanco y [&hellip;]<\/p>\n","protected":false},"featured_media":676,"comment_status":"open","ping_status":"closed","template":"","meta":[],"product_cat":[26,19],"product_tag":[],"_links":{"self":[{"href":"https:\/\/www.houseluz.com\/index.php?rest_route=\/wp\/v2\/product\/671"}],"collection":[{"href":"https:\/\/www.houseluz.com\/index.php?rest_route=\/wp\/v2\/product"}],"about":[{"href":"https:\/\/www.houseluz.com\/index.php?rest_route=\/wp\/v2\/types\/product"}],"replies":[{"embeddable":true,"href":"https:\/\/www.houseluz.com\/index.php?rest_route=%2Fwp%2Fv2%2Fcomments&post=671"}],"wp:featuredmedia":[{"embeddable":true,"href":"https:\/\/www.houseluz.com\/index.php?rest_route=\/wp\/v2\/media\/676"}],"wp:attachment":[{"href":"https:\/\/www.houseluz.com\/index.php?rest_route=%2Fwp%2Fv2%2Fmedia&parent=671"}],"wp:term":[{"taxonomy":"product_cat","embeddable":true,"href":"https:\/\/www.houseluz.com\/index.php?rest_route=%2Fwp%2Fv2%2Fproduct_cat&post=671"},{"taxonomy":"product_tag","embeddable":true,"href":"https:\/\/www.houseluz.com\/index.php?rest_route=%2Fwp%2Fv2%2Fproduct_tag&post=671"}],"curies":[{"name":"wp","href":"https:\/\/api.w.org\/{rel}","templated":true}]}}