{"id":665,"date":"2024-06-06T17:54:22","date_gmt":"2024-06-06T17:54:22","guid":{"rendered":"https:\/\/www.houseluz.com\/?post_type=product&#038;p=665"},"modified":"2024-06-07T15:17:53","modified_gmt":"2024-06-07T15:17:53","slug":"caelum-colgante","status":"publish","type":"product","link":"https:\/\/www.houseluz.com\/?product=caelum-colgante","title":{"rendered":"Caelum Colgante"},"content":{"rendered":"<p>\u00a1Dale un toque de elegancia a tus exteriores con nuestro fabuloso aplique de luz directa en negro y oro! Con su dise\u00f1o sofisticado y materiales de alta calidad como el aluminio y el cristal, este aplique es perfecto para iluminar tu entrada o jard\u00edn con estilo.<\/p>\n<p>Viene con bombillas incluidas y es f\u00e1cil de instalar en superficie, tanto para uso dom\u00e9stico como profesional. Sus dimensiones de 55&lt;102x16x16 cm lo hacen llamativo pero discreto, y su peso ligero de 1140 gramos lo hace f\u00e1cil de manejar.<\/p>\n<p>Adem\u00e1s, con un \u00edndice de protecci\u00f3n IP44, puedes estar seguro de que resistir\u00e1 las inclemencias del tiempo<\/p>\n","protected":false},"excerpt":{"rendered":"<p>\u00a1Dale un toque de elegancia a tus exteriores con nuestro fabuloso aplique de luz directa en negro y oro! Con su dise\u00f1o sofisticado y materiales de alta calidad como el aluminio y el cristal, este aplique es perfecto para iluminar tu entrada o jard\u00edn con estilo. Viene con bombillas incluidas y es f\u00e1cil de instalar [&hellip;]<\/p>\n","protected":false},"featured_media":656,"comment_status":"open","ping_status":"closed","template":"","meta":[],"product_cat":[27,19],"product_tag":[],"_links":{"self":[{"href":"https:\/\/www.houseluz.com\/index.php?rest_route=\/wp\/v2\/product\/665"}],"collection":[{"href":"https:\/\/www.houseluz.com\/index.php?rest_route=\/wp\/v2\/product"}],"about":[{"href":"https:\/\/www.houseluz.com\/index.php?rest_route=\/wp\/v2\/types\/product"}],"replies":[{"embeddable":true,"href":"https:\/\/www.houseluz.com\/index.php?rest_route=%2Fwp%2Fv2%2Fcomments&post=665"}],"wp:featuredmedia":[{"embeddable":true,"href":"https:\/\/www.houseluz.com\/index.php?rest_route=\/wp\/v2\/media\/656"}],"wp:attachment":[{"href":"https:\/\/www.houseluz.com\/index.php?rest_route=%2Fwp%2Fv2%2Fmedia&parent=665"}],"wp:term":[{"taxonomy":"product_cat","embeddable":true,"href":"https:\/\/www.houseluz.com\/index.php?rest_route=%2Fwp%2Fv2%2Fproduct_cat&post=665"},{"taxonomy":"product_tag","embeddable":true,"href":"https:\/\/www.houseluz.com\/index.php?rest_route=%2Fwp%2Fv2%2Fproduct_tag&post=665"}],"curies":[{"name":"wp","href":"https:\/\/api.w.org\/{rel}","templated":true}]}}