{"id":645,"date":"2024-06-06T17:37:03","date_gmt":"2024-06-06T17:37:03","guid":{"rendered":"https:\/\/www.houseluz.com\/?post_type=product&#038;p=645"},"modified":"2024-06-06T17:43:40","modified_gmt":"2024-06-06T17:43:40","slug":"becrux","status":"publish","type":"product","link":"https:\/\/www.houseluz.com\/?product=becrux","title":{"rendered":"Becrux"},"content":{"rendered":"<div class=\"flex-shrink-0 flex flex-col relative items-end\">\n<div>\n<div class=\"pt-0.5 juice:pt-0\">\n<div class=\"gizmo-bot-avatar flex h-6 w-6 items-center justify-center overflow-hidden rounded-full juice:h-8 juice:w-8\">\n<div class=\"relative p-1 rounded-sm flex items-center justify-center bg-token-main-surface-primary text-token-text-primary h-8 w-8\">\u00a1Haz que tus espacios exteriores brillen con elegancia y estilo gracias a nuestro exquisito aplique de luz directa! Con un dise\u00f1o cautivador en negro y oro, y construido con aluminio y cristal de alta calidad, este accesorio no solo ilumina, sino que tambi\u00e9n agrega un toque de lujo y sofisticaci\u00f3n a tus \u00e1reas al aire libre.<\/div>\n<\/div>\n<\/div>\n<\/div>\n<\/div>\n<div class=\"group\/conversation-turn relative flex w-full min-w-0 flex-col agent-turn\">\n<div class=\"flex-col gap-1 md:gap-3\">\n<div class=\"flex flex-grow flex-col max-w-full\">\n<div class=\"min-h-[20px] text-message flex flex-col items-start whitespace-pre-wrap break-words [.text-message+&amp;]:mt-5 juice:w-full juice:items-end overflow-x-auto gap-2\" dir=\"auto\" data-message-author-role=\"assistant\" data-message-id=\"c68248d3-df33-4d52-9ac5-fc11d86bd7d6\">\n<div class=\"flex w-full flex-col gap-1 juice:empty:hidden juice:first:pt-[3px]\">\n<div class=\"markdown prose w-full break-words dark:prose-invert light\">\n<p>Equipado con un portal\u00e1mparas E27 y bombillas incluidas, este aplique te ofrece una iluminaci\u00f3n potente y eficiente desde el momento en que lo instalas. Recomendado espec\u00edficamente para exteriores, su instalaci\u00f3n en superficie lo hace perfecto para una variedad de \u00e1reas, desde la entrada de tu hogar hasta el jard\u00edn.<\/p>\n<p>Con dimensiones de 59,5x25x26 cm, este aplique se destaca como una pieza llamativa y funcional en cualquier entorno exterior. Con un \u00edndice de protecci\u00f3n IP44, est\u00e1 dise\u00f1ado para resistir las condiciones exteriores y garantizar su durabilidad y funcionalidad a lo largo del tiempo.<\/p>\n<\/div>\n<\/div>\n<\/div>\n<\/div>\n<\/div>\n<\/div>\n","protected":false},"excerpt":{"rendered":"<p>\u00a1Haz que tus espacios exteriores brillen con elegancia y estilo gracias a nuestro exquisito aplique de luz directa! Con un dise\u00f1o cautivador en negro y oro, y construido con aluminio y cristal de alta calidad, este accesorio no solo ilumina, sino que tambi\u00e9n agrega un toque de lujo y sofisticaci\u00f3n a tus \u00e1reas al aire [&hellip;]<\/p>\n","protected":false},"featured_media":650,"comment_status":"open","ping_status":"closed","template":"","meta":[],"product_cat":[26,19],"product_tag":[],"_links":{"self":[{"href":"https:\/\/www.houseluz.com\/index.php?rest_route=\/wp\/v2\/product\/645"}],"collection":[{"href":"https:\/\/www.houseluz.com\/index.php?rest_route=\/wp\/v2\/product"}],"about":[{"href":"https:\/\/www.houseluz.com\/index.php?rest_route=\/wp\/v2\/types\/product"}],"replies":[{"embeddable":true,"href":"https:\/\/www.houseluz.com\/index.php?rest_route=%2Fwp%2Fv2%2Fcomments&post=645"}],"wp:featuredmedia":[{"embeddable":true,"href":"https:\/\/www.houseluz.com\/index.php?rest_route=\/wp\/v2\/media\/650"}],"wp:attachment":[{"href":"https:\/\/www.houseluz.com\/index.php?rest_route=%2Fwp%2Fv2%2Fmedia&parent=645"}],"wp:term":[{"taxonomy":"product_cat","embeddable":true,"href":"https:\/\/www.houseluz.com\/index.php?rest_route=%2Fwp%2Fv2%2Fproduct_cat&post=645"},{"taxonomy":"product_tag","embeddable":true,"href":"https:\/\/www.houseluz.com\/index.php?rest_route=%2Fwp%2Fv2%2Fproduct_tag&post=645"}],"curies":[{"name":"wp","href":"https:\/\/api.w.org\/{rel}","templated":true}]}}