{"id":623,"date":"2024-06-06T17:04:17","date_gmt":"2024-06-06T17:04:17","guid":{"rendered":"https:\/\/www.houseluz.com\/?post_type=product&#038;p=623"},"modified":"2024-06-07T16:41:23","modified_gmt":"2024-06-07T16:41:23","slug":"bootes-colgante","status":"publish","type":"product","link":"https:\/\/www.houseluz.com\/?product=bootes-colgante","title":{"rendered":"Bootes Colgante"},"content":{"rendered":"<p>\u00a1Transforma tus espacios exteriores en un oasis de luz y estilo con nuestro aplique de luz directa! Este elegante accesorio, con un refinado acabado en marr\u00f3n y fabricado con aluminio y cristal de alta calidad, es la elecci\u00f3n perfecta para iluminar tus \u00e1reas al aire libre con un toque de elegancia.<\/p>\n<p>Equipado con un portal\u00e1mparas E27 y bombillas incluidas, este aplique te ofrece una iluminaci\u00f3n potente y eficiente desde el momento en que lo instalas. Su dise\u00f1o de instalaci\u00f3n en superficie lo hace perfecto para cualquier espacio exterior, ya sea en la entrada de tu hogar, en el jard\u00edn o en el patio.<\/p>\n<p>Con unas dimensiones de 50&lt;100&#215;18,5&#215;18,5 cm, este aplique se destaca como una pieza llamativa y funcional en cualquier entorno exterior. Con un peso neto de 985 gramos y un \u00edndice de protecci\u00f3n IP44, est\u00e1 dise\u00f1ado para resistir las condiciones exteriores y garantizar su durabilidad y funcionalidad a lo largo del tiempo.<\/p>\n<p>Adem\u00e1s, cuenta con certificados CE y de reciclaje, asegurando su calidad y su compromiso con el medio ambiente. Ilumina tus noches al aire libre con estilo y confianza gracias a este aplique de luz directa, y disfruta de un ambiente acogedor y sofisticado en tus espacios exteriores.<\/p>\n","protected":false},"excerpt":{"rendered":"<p>\u00a1Transforma tus espacios exteriores en un oasis de luz y estilo con nuestro aplique de luz directa! Este elegante accesorio, con un refinado acabado en marr\u00f3n y fabricado con aluminio y cristal de alta calidad, es la elecci\u00f3n perfecta para iluminar tus \u00e1reas al aire libre con un toque de elegancia. Equipado con un portal\u00e1mparas [&hellip;]<\/p>\n","protected":false},"featured_media":617,"comment_status":"open","ping_status":"closed","template":"","meta":[],"product_cat":[27,19],"product_tag":[],"_links":{"self":[{"href":"https:\/\/www.houseluz.com\/index.php?rest_route=\/wp\/v2\/product\/623"}],"collection":[{"href":"https:\/\/www.houseluz.com\/index.php?rest_route=\/wp\/v2\/product"}],"about":[{"href":"https:\/\/www.houseluz.com\/index.php?rest_route=\/wp\/v2\/types\/product"}],"replies":[{"embeddable":true,"href":"https:\/\/www.houseluz.com\/index.php?rest_route=%2Fwp%2Fv2%2Fcomments&post=623"}],"wp:featuredmedia":[{"embeddable":true,"href":"https:\/\/www.houseluz.com\/index.php?rest_route=\/wp\/v2\/media\/617"}],"wp:attachment":[{"href":"https:\/\/www.houseluz.com\/index.php?rest_route=%2Fwp%2Fv2%2Fmedia&parent=623"}],"wp:term":[{"taxonomy":"product_cat","embeddable":true,"href":"https:\/\/www.houseluz.com\/index.php?rest_route=%2Fwp%2Fv2%2Fproduct_cat&post=623"},{"taxonomy":"product_tag","embeddable":true,"href":"https:\/\/www.houseluz.com\/index.php?rest_route=%2Fwp%2Fv2%2Fproduct_tag&post=623"}],"curies":[{"name":"wp","href":"https:\/\/api.w.org\/{rel}","templated":true}]}}