{"id":611,"date":"2024-06-06T16:52:26","date_gmt":"2024-06-06T16:52:26","guid":{"rendered":"https:\/\/www.houseluz.com\/?post_type=product&#038;p=611"},"modified":"2024-06-06T16:52:26","modified_gmt":"2024-06-06T16:52:26","slug":"canela","status":"publish","type":"product","link":"https:\/\/www.houseluz.com\/?product=canela","title":{"rendered":"Canela"},"content":{"rendered":"<p>\u00a1Prep\u00e1rate para agregar un toque de encanto cl\u00e1sico a tus exteriores con el aplique de exterior serie CANELA! Este magn\u00edfico accesorio, elaborado en Policarbonato de color Blanco, es la elecci\u00f3n perfecta para aquellos que buscan combinar estilo y funcionalidad en su iluminaci\u00f3n exterior.<\/p>\n<p>Con unas dimensiones majestuosas de 45,2&#215;25,2&#215;34,2 cent\u00edmetros, el aplique CANELA no solo ilumina tus espacios exteriores, sino que tambi\u00e9n a\u00f1ade un toque de distinci\u00f3n y elegancia. Equipado con un portal\u00e1mpara E27 y con una bombilla incluida, este aplique ofrece una iluminaci\u00f3n potente y c\u00e1lida que transformar\u00e1 tus noches al aire libre.<\/p>\n<p>Dise\u00f1ado para resistir las condiciones exteriores, el aplique CANELA cuenta con un \u00edndice de protecci\u00f3n IP44, garantizando su durabilidad y funcionalidad incluso en entornos adversos. Con un peso neto de 1.010 gramos, su construcci\u00f3n s\u00f3lida y robusta asegura su estabilidad y resistencia a lo largo del tiempo.<\/p>\n<p>Disponible no solo en Blanco, sino tambi\u00e9n en Negro y Oro Viejo, el aplique CANELA te ofrece opciones para adaptarse a tu estilo y preferencias personales. \u00a1Solo necesitas instalarlo para disfrutar de una iluminaci\u00f3n excepcional en tus exteriores!<\/p>\n<p>Ilumina tus noches al aire libre con estilo y confianza gracias al aplique de exterior serie CANELA. \u00a1Descubre c\u00f3mo este elegante accesorio puede realzar la belleza de tus espacios exteriores, creando una atm\u00f3sfera acogedora y sofisticada para disfrutar con amigos y familiares!<\/p>\n","protected":false},"excerpt":{"rendered":"<p>\u00a1Prep\u00e1rate para agregar un toque de encanto cl\u00e1sico a tus exteriores con el aplique de exterior serie CANELA! Este magn\u00edfico accesorio, elaborado en Policarbonato de color Blanco, es la elecci\u00f3n perfecta para aquellos que buscan combinar estilo y funcionalidad en su iluminaci\u00f3n exterior. Con unas dimensiones majestuosas de 45,2&#215;25,2&#215;34,2 cent\u00edmetros, el aplique CANELA no solo [&hellip;]<\/p>\n","protected":false},"featured_media":613,"comment_status":"open","ping_status":"closed","template":"","meta":[],"product_cat":[26,19],"product_tag":[],"_links":{"self":[{"href":"https:\/\/www.houseluz.com\/index.php?rest_route=\/wp\/v2\/product\/611"}],"collection":[{"href":"https:\/\/www.houseluz.com\/index.php?rest_route=\/wp\/v2\/product"}],"about":[{"href":"https:\/\/www.houseluz.com\/index.php?rest_route=\/wp\/v2\/types\/product"}],"replies":[{"embeddable":true,"href":"https:\/\/www.houseluz.com\/index.php?rest_route=%2Fwp%2Fv2%2Fcomments&post=611"}],"wp:featuredmedia":[{"embeddable":true,"href":"https:\/\/www.houseluz.com\/index.php?rest_route=\/wp\/v2\/media\/613"}],"wp:attachment":[{"href":"https:\/\/www.houseluz.com\/index.php?rest_route=%2Fwp%2Fv2%2Fmedia&parent=611"}],"wp:term":[{"taxonomy":"product_cat","embeddable":true,"href":"https:\/\/www.houseluz.com\/index.php?rest_route=%2Fwp%2Fv2%2Fproduct_cat&post=611"},{"taxonomy":"product_tag","embeddable":true,"href":"https:\/\/www.houseluz.com\/index.php?rest_route=%2Fwp%2Fv2%2Fproduct_tag&post=611"}],"curies":[{"name":"wp","href":"https:\/\/api.w.org\/{rel}","templated":true}]}}