{"id":607,"date":"2024-06-06T16:48:32","date_gmt":"2024-06-06T16:48:32","guid":{"rendered":"https:\/\/www.houseluz.com\/?post_type=product&#038;p=607"},"modified":"2024-06-06T16:48:32","modified_gmt":"2024-06-06T16:48:32","slug":"hinojo","status":"publish","type":"product","link":"https:\/\/www.houseluz.com\/?product=hinojo","title":{"rendered":"Hinojo"},"content":{"rendered":"<p>\u00a1Prep\u00e1rate para a\u00f1adir un toque de elegancia cl\u00e1sica a tus exteriores con el aplique de exterior serie HINOJO! Este impresionante accesorio, fabricado en Policarbonato de color Negro, es la opci\u00f3n ideal para aquellos que buscan combinar estilo y funcionalidad en su iluminaci\u00f3n exterior.<\/p>\n<p>Con unas dimensiones de 40,8&#215;21,7&#215;32,6 cent\u00edmetros, el aplique HINOJO no solo proporciona una luz suave y acogedora, sino que tambi\u00e9n a\u00f1ade un toque de distinci\u00f3n a cualquier espacio al aire libre. Equipado con un portal\u00e1mpara E27 y con una bombilla incluida, este aplique ofrece una iluminaci\u00f3n potente y eficiente para resaltar tus \u00e1reas exteriores.<\/p>\n<p>Dise\u00f1ado para resistir las inclemencias del tiempo, el aplique HINOJO cuenta con un \u00edndice de protecci\u00f3n IP44, asegurando su durabilidad y funcionalidad incluso en condiciones clim\u00e1ticas adversas. Con un peso neto de 820 gramos, su construcci\u00f3n robusta garantiza su estabilidad y resistencia.<\/p>\n<p>Disponible no solo en Negro, sino tambi\u00e9n en Blanco y Oro Viejo, el aplique HINOJO te ofrece opciones para adaptarse a tu estilo y preferencias personales. \u00a1Solo necesitas instalarlo para disfrutar de una iluminaci\u00f3n excepcional en tus exteriores!<\/p>\n<p>Ilumina tus noches al aire libre con estilo y confianza gracias al aplique de exterior serie HINOJO. \u00a1Descubre c\u00f3mo este elegante accesorio puede transformar tus espacios exteriores en verdaderos refugios de luz y belleza!<\/p>\n","protected":false},"excerpt":{"rendered":"<p>\u00a1Prep\u00e1rate para a\u00f1adir un toque de elegancia cl\u00e1sica a tus exteriores con el aplique de exterior serie HINOJO! Este impresionante accesorio, fabricado en Policarbonato de color Negro, es la opci\u00f3n ideal para aquellos que buscan combinar estilo y funcionalidad en su iluminaci\u00f3n exterior. Con unas dimensiones de 40,8&#215;21,7&#215;32,6 cent\u00edmetros, el aplique HINOJO no solo proporciona [&hellip;]<\/p>\n","protected":false},"featured_media":608,"comment_status":"open","ping_status":"closed","template":"","meta":[],"product_cat":[26,19],"product_tag":[],"_links":{"self":[{"href":"https:\/\/www.houseluz.com\/index.php?rest_route=\/wp\/v2\/product\/607"}],"collection":[{"href":"https:\/\/www.houseluz.com\/index.php?rest_route=\/wp\/v2\/product"}],"about":[{"href":"https:\/\/www.houseluz.com\/index.php?rest_route=\/wp\/v2\/types\/product"}],"replies":[{"embeddable":true,"href":"https:\/\/www.houseluz.com\/index.php?rest_route=%2Fwp%2Fv2%2Fcomments&post=607"}],"wp:featuredmedia":[{"embeddable":true,"href":"https:\/\/www.houseluz.com\/index.php?rest_route=\/wp\/v2\/media\/608"}],"wp:attachment":[{"href":"https:\/\/www.houseluz.com\/index.php?rest_route=%2Fwp%2Fv2%2Fmedia&parent=607"}],"wp:term":[{"taxonomy":"product_cat","embeddable":true,"href":"https:\/\/www.houseluz.com\/index.php?rest_route=%2Fwp%2Fv2%2Fproduct_cat&post=607"},{"taxonomy":"product_tag","embeddable":true,"href":"https:\/\/www.houseluz.com\/index.php?rest_route=%2Fwp%2Fv2%2Fproduct_tag&post=607"}],"curies":[{"name":"wp","href":"https:\/\/api.w.org\/{rel}","templated":true}]}}