{"id":601,"date":"2024-06-06T16:40:32","date_gmt":"2024-06-06T16:40:32","guid":{"rendered":"https:\/\/www.houseluz.com\/?post_type=product&#038;p=601"},"modified":"2024-06-06T16:40:32","modified_gmt":"2024-06-06T16:40:32","slug":"alnilan-1xe27","status":"publish","type":"product","link":"https:\/\/www.houseluz.com\/?product=alnilan-1xe27","title":{"rendered":"Alnilan 1xE27"},"content":{"rendered":"<p>\u00a1D\u00e9jate envolver por la elegancia contempor\u00e1nea con nuestro aplique de luz directa! Con un dise\u00f1o robusto en negro y una combinaci\u00f3n de aluminio y policarbonato de primera calidad, este accesorio no solo ilumina tus exteriores, sino que tambi\u00e9n a\u00f1ade un toque de estilo moderno.<\/p>\n<p>Equipado con un portal\u00e1mparas E27, tienes la libertad de seleccionar la bombilla perfecta para crear la atm\u00f3sfera deseada en tus espacios exteriores. Con dimensiones compactas de 24&#215;21,5&#215;18 cm, este aplique es vers\u00e1til y se adapta f\u00e1cilmente a cualquier rinc\u00f3n exterior, desde patios hasta entradas.<\/p>\n<p>Con un peso neto de 580 gramos, este aplique es liviano pero resistente, dise\u00f1ado para soportar las condiciones exteriores. Adem\u00e1s, su \u00edndice de protecci\u00f3n IP44 asegura su durabilidad frente a la humedad y el polvo.<\/p>\n<p>Aunque la bombilla no est\u00e1 incluida, la versatilidad de este aplique te permite personalizar tu iluminaci\u00f3n seg\u00fan tus preferencias. Ilumina tus noches al aire libre con estilo y confianza, y descubre c\u00f3mo este elegante accesorio puede realzar la belleza de tus espacios exteriores, creando un ambiente acogedor y moderno para disfrutar con amigos y familiares.<\/p>\n","protected":false},"excerpt":{"rendered":"<p>\u00a1D\u00e9jate envolver por la elegancia contempor\u00e1nea con nuestro aplique de luz directa! Con un dise\u00f1o robusto en negro y una combinaci\u00f3n de aluminio y policarbonato de primera calidad, este accesorio no solo ilumina tus exteriores, sino que tambi\u00e9n a\u00f1ade un toque de estilo moderno. Equipado con un portal\u00e1mparas E27, tienes la libertad de seleccionar la [&hellip;]<\/p>\n","protected":false},"featured_media":599,"comment_status":"open","ping_status":"closed","template":"","meta":[],"product_cat":[26,19],"product_tag":[],"_links":{"self":[{"href":"https:\/\/www.houseluz.com\/index.php?rest_route=\/wp\/v2\/product\/601"}],"collection":[{"href":"https:\/\/www.houseluz.com\/index.php?rest_route=\/wp\/v2\/product"}],"about":[{"href":"https:\/\/www.houseluz.com\/index.php?rest_route=\/wp\/v2\/types\/product"}],"replies":[{"embeddable":true,"href":"https:\/\/www.houseluz.com\/index.php?rest_route=%2Fwp%2Fv2%2Fcomments&post=601"}],"wp:featuredmedia":[{"embeddable":true,"href":"https:\/\/www.houseluz.com\/index.php?rest_route=\/wp\/v2\/media\/599"}],"wp:attachment":[{"href":"https:\/\/www.houseluz.com\/index.php?rest_route=%2Fwp%2Fv2%2Fmedia&parent=601"}],"wp:term":[{"taxonomy":"product_cat","embeddable":true,"href":"https:\/\/www.houseluz.com\/index.php?rest_route=%2Fwp%2Fv2%2Fproduct_cat&post=601"},{"taxonomy":"product_tag","embeddable":true,"href":"https:\/\/www.houseluz.com\/index.php?rest_route=%2Fwp%2Fv2%2Fproduct_tag&post=601"}],"curies":[{"name":"wp","href":"https:\/\/api.w.org\/{rel}","templated":true}]}}