{"id":593,"date":"2024-06-06T16:32:05","date_gmt":"2024-06-06T16:32:05","guid":{"rendered":"https:\/\/www.houseluz.com\/?post_type=product&#038;p=593"},"modified":"2024-06-07T15:27:04","modified_gmt":"2024-06-07T15:27:04","slug":"dornela-sobremuro","status":"publish","type":"product","link":"https:\/\/www.houseluz.com\/?product=dornela-sobremuro","title":{"rendered":"Dornela Sobremuro"},"content":{"rendered":"<p>\u00a1Prep\u00e1rate para a\u00f1adir un toque de elegancia contempor\u00e1nea a tus espacios al aire libre con el sobremuro peque\u00f1o serie Dornela en gris oscuro! Este exquisito accesorio, elaborado en metal de alta calidad, es la opci\u00f3n perfecta para aquellos que buscan combinar estilo y funcionalidad en su iluminaci\u00f3n exterior.<\/p>\n<p>Con unas dimensiones de 29x16x16 cm, el sobremuro peque\u00f1o Dornela es mucho m\u00e1s que una simple fuente de luz; es una declaraci\u00f3n de estilo que complementar\u00e1 a la perfecci\u00f3n cualquier ambiente exterior.\u00a0Con una clasificaci\u00f3n IP44, este sobremuro est\u00e1 dise\u00f1ado para resistir las inclemencias del tiempo, garantizando su durabilidad y funcionalidad incluso en condiciones adversas. Y lo mejor de todo, \u00a1viene con una bombilla incluida para que puedas disfrutar de su luz radiante desde el momento en que lo instales!<\/p>\n<p>Transforma tus \u00e1reas exteriores en verdaderos oasis de estilo y confort con el sobremuro peque\u00f1o serie Dornela. \u00a1Descubre c\u00f3mo este elegante accesorio puede realzar la belleza de tu jard\u00edn, patio o terraza, brindando una iluminaci\u00f3n excepcional y un toque de sofisticaci\u00f3n contempor\u00e1nea a tus noches al aire libre!<\/p>\n","protected":false},"excerpt":{"rendered":"<p>\u00a1Prep\u00e1rate para a\u00f1adir un toque de elegancia contempor\u00e1nea a tus espacios al aire libre con el sobremuro peque\u00f1o serie Dornela en gris oscuro! Este exquisito accesorio, elaborado en metal de alta calidad, es la opci\u00f3n perfecta para aquellos que buscan combinar estilo y funcionalidad en su iluminaci\u00f3n exterior. Con unas dimensiones de 29x16x16 cm, el [&hellip;]<\/p>\n","protected":false},"featured_media":594,"comment_status":"open","ping_status":"closed","template":"","meta":[],"product_cat":[19,69],"product_tag":[],"_links":{"self":[{"href":"https:\/\/www.houseluz.com\/index.php?rest_route=\/wp\/v2\/product\/593"}],"collection":[{"href":"https:\/\/www.houseluz.com\/index.php?rest_route=\/wp\/v2\/product"}],"about":[{"href":"https:\/\/www.houseluz.com\/index.php?rest_route=\/wp\/v2\/types\/product"}],"replies":[{"embeddable":true,"href":"https:\/\/www.houseluz.com\/index.php?rest_route=%2Fwp%2Fv2%2Fcomments&post=593"}],"wp:featuredmedia":[{"embeddable":true,"href":"https:\/\/www.houseluz.com\/index.php?rest_route=\/wp\/v2\/media\/594"}],"wp:attachment":[{"href":"https:\/\/www.houseluz.com\/index.php?rest_route=%2Fwp%2Fv2%2Fmedia&parent=593"}],"wp:term":[{"taxonomy":"product_cat","embeddable":true,"href":"https:\/\/www.houseluz.com\/index.php?rest_route=%2Fwp%2Fv2%2Fproduct_cat&post=593"},{"taxonomy":"product_tag","embeddable":true,"href":"https:\/\/www.houseluz.com\/index.php?rest_route=%2Fwp%2Fv2%2Fproduct_tag&post=593"}],"curies":[{"name":"wp","href":"https:\/\/api.w.org\/{rel}","templated":true}]}}