{"id":590,"date":"2024-06-06T16:30:23","date_gmt":"2024-06-06T16:30:23","guid":{"rendered":"https:\/\/www.houseluz.com\/?post_type=product&#038;p=590"},"modified":"2024-11-11T06:23:01","modified_gmt":"2024-11-11T06:23:01","slug":"dornela-colgante","status":"publish","type":"product","link":"https:\/\/www.houseluz.com\/?product=dornela-colgante","title":{"rendered":"Dornela Colgante"},"content":{"rendered":"<p>\u00a1Prep\u00e1rate para elevar el estilo de tus espacios exteriores con la sofisticaci\u00f3n moderna del colgante serie Dornela en gris oscuro! Este impresionante accesorio, elaborado en metal de alta calidad, es la pieza perfecta para agregar un toque de elegancia contempor\u00e1nea a tu entorno al aire libre.<\/p>\n<p>Con unas dimensiones de 16x66x16 cm, el colgante Dornela es mucho m\u00e1s que una simple fuente de luz; es una declaraci\u00f3n de estilo en s\u00ed mismo. Con una clasificaci\u00f3n IP44, este colgante est\u00e1 dise\u00f1ado para resistir las inclemencias del tiempo, garantizando su durabilidad y funcionalidad incluso en condiciones adversas. Y lo mejor de todo, \u00a1viene con una bombilla incluida para que puedas disfrutar de su luz radiante desde el momento en que lo instales!<\/p>\n<p>Transforma tus \u00e1reas al aire libre en aut\u00e9nticos oasis de estilo y confort con el colgante serie Dornela. \u00a1Descubre c\u00f3mo este elegante accesorio puede realzar la belleza de tu jard\u00edn, patio o terraza, brindando una iluminaci\u00f3n excepcional y un toque de sofisticaci\u00f3n contempor\u00e1nea a tus noches al aire libre!<\/p>\n","protected":false},"excerpt":{"rendered":"<p>\u00a1Prep\u00e1rate para elevar el estilo de tus espacios exteriores con la sofisticaci\u00f3n moderna del colgante serie Dornela en gris oscuro! Este impresionante accesorio, elaborado en metal de alta calidad, es la pieza perfecta para agregar un toque de elegancia contempor\u00e1nea a tu entorno al aire libre. Con unas dimensiones de 16x66x16 cm, el colgante Dornela [&hellip;]<\/p>\n","protected":false},"featured_media":591,"comment_status":"open","ping_status":"closed","template":"","meta":[],"product_cat":[27,19],"product_tag":[],"_links":{"self":[{"href":"https:\/\/www.houseluz.com\/index.php?rest_route=\/wp\/v2\/product\/590"}],"collection":[{"href":"https:\/\/www.houseluz.com\/index.php?rest_route=\/wp\/v2\/product"}],"about":[{"href":"https:\/\/www.houseluz.com\/index.php?rest_route=\/wp\/v2\/types\/product"}],"replies":[{"embeddable":true,"href":"https:\/\/www.houseluz.com\/index.php?rest_route=%2Fwp%2Fv2%2Fcomments&post=590"}],"wp:featuredmedia":[{"embeddable":true,"href":"https:\/\/www.houseluz.com\/index.php?rest_route=\/wp\/v2\/media\/591"}],"wp:attachment":[{"href":"https:\/\/www.houseluz.com\/index.php?rest_route=%2Fwp%2Fv2%2Fmedia&parent=590"}],"wp:term":[{"taxonomy":"product_cat","embeddable":true,"href":"https:\/\/www.houseluz.com\/index.php?rest_route=%2Fwp%2Fv2%2Fproduct_cat&post=590"},{"taxonomy":"product_tag","embeddable":true,"href":"https:\/\/www.houseluz.com\/index.php?rest_route=%2Fwp%2Fv2%2Fproduct_tag&post=590"}],"curies":[{"name":"wp","href":"https:\/\/api.w.org\/{rel}","templated":true}]}}