{"id":587,"date":"2024-06-06T16:27:59","date_gmt":"2024-06-06T16:27:59","guid":{"rendered":"https:\/\/www.houseluz.com\/?post_type=product&#038;p=587"},"modified":"2024-06-06T16:27:59","modified_gmt":"2024-06-06T16:27:59","slug":"tamarindo","status":"publish","type":"product","link":"https:\/\/www.houseluz.com\/?product=tamarindo","title":{"rendered":"Tamarindo"},"content":{"rendered":"<p>\u00a1Prep\u00e1rate para agregar un toque de encanto cl\u00e1sico a tus exteriores con el aplique de exterior serie TAMARINDO! Este elegante accesorio, elaborado en Policarbonato Blanco, es la opci\u00f3n ideal para quienes buscan combinar estilo y funcionalidad en su iluminaci\u00f3n exterior.<\/p>\n<p>Con unas dimensiones de 27,5x17x22,3 cent\u00edmetros, el aplique TAMARINDO no solo proporciona una luz suave y acogedora, sino que tambi\u00e9n a\u00f1ade un toque de distinci\u00f3n a cualquier espacio al aire libre. Equipado con un portal\u00e1mpara E27, este aplique ofrece una calidad de luz excepcional, creando una atm\u00f3sfera perfecta para tus reuniones nocturnas en el jard\u00edn o en el patio.<\/p>\n<p>Dise\u00f1ado para resistir los elementos, este aplique cuenta con un impresionante \u00edndice de protecci\u00f3n IP44, garantizando su durabilidad y resistencia frente a las inclemencias del tiempo. Con un peso neto de 660 gramos, su construcci\u00f3n robusta pero ligera facilita su instalaci\u00f3n sin complicaciones.<\/p>\n<p>Disponible no solo en Blanco, sino tambi\u00e9n en Negro y Oro Viejo, el aplique TAMARINDO te ofrece opciones para adaptarse a tu estilo y preferencias personales. Y lo mejor de todo, \u00a1viene con una bombilla incluida para que puedas disfrutar de su luz radiante desde el momento en que lo instales!<\/p>\n<p>Ilumina tus noches al aire libre con estilo y funcionalidad gracias al aplique de exterior serie TAMARINDO. \u00a1Descubre c\u00f3mo este elegante accesorio puede transformar tus espacios exteriores en verdaderos refugios de luz y belleza!<\/p>\n","protected":false},"excerpt":{"rendered":"<p>\u00a1Prep\u00e1rate para agregar un toque de encanto cl\u00e1sico a tus exteriores con el aplique de exterior serie TAMARINDO! Este elegante accesorio, elaborado en Policarbonato Blanco, es la opci\u00f3n ideal para quienes buscan combinar estilo y funcionalidad en su iluminaci\u00f3n exterior. Con unas dimensiones de 27,5x17x22,3 cent\u00edmetros, el aplique TAMARINDO no solo proporciona una luz suave [&hellip;]<\/p>\n","protected":false},"featured_media":588,"comment_status":"open","ping_status":"closed","template":"","meta":[],"product_cat":[26,19],"product_tag":[],"_links":{"self":[{"href":"https:\/\/www.houseluz.com\/index.php?rest_route=\/wp\/v2\/product\/587"}],"collection":[{"href":"https:\/\/www.houseluz.com\/index.php?rest_route=\/wp\/v2\/product"}],"about":[{"href":"https:\/\/www.houseluz.com\/index.php?rest_route=\/wp\/v2\/types\/product"}],"replies":[{"embeddable":true,"href":"https:\/\/www.houseluz.com\/index.php?rest_route=%2Fwp%2Fv2%2Fcomments&post=587"}],"wp:featuredmedia":[{"embeddable":true,"href":"https:\/\/www.houseluz.com\/index.php?rest_route=\/wp\/v2\/media\/588"}],"wp:attachment":[{"href":"https:\/\/www.houseluz.com\/index.php?rest_route=%2Fwp%2Fv2%2Fmedia&parent=587"}],"wp:term":[{"taxonomy":"product_cat","embeddable":true,"href":"https:\/\/www.houseluz.com\/index.php?rest_route=%2Fwp%2Fv2%2Fproduct_cat&post=587"},{"taxonomy":"product_tag","embeddable":true,"href":"https:\/\/www.houseluz.com\/index.php?rest_route=%2Fwp%2Fv2%2Fproduct_tag&post=587"}],"curies":[{"name":"wp","href":"https:\/\/api.w.org\/{rel}","templated":true}]}}