{"id":583,"date":"2024-06-06T16:26:30","date_gmt":"2024-06-06T16:26:30","guid":{"rendered":"https:\/\/www.houseluz.com\/?post_type=product&#038;p=583"},"modified":"2024-06-06T16:26:30","modified_gmt":"2024-06-06T16:26:30","slug":"maca","status":"publish","type":"product","link":"https:\/\/www.houseluz.com\/?product=maca","title":{"rendered":"Maca"},"content":{"rendered":"<p>\u00a1Prep\u00e1rate para llevar la sofisticaci\u00f3n a tus espacios al aire libre con el aplique de exterior serie MACA! Este impresionante accesorio, confeccionado en Policarbonato Blanco y con un estilo cl\u00e1sico impecable, es la elecci\u00f3n perfecta para aquellos que buscan combinar elegancia y funcionalidad en su iluminaci\u00f3n exterior.<\/p>\n<p>Con unas dimensiones de 24,5x17x22,3 cent\u00edmetros, el aplique MACA no solo ilumina, sino que tambi\u00e9n a\u00f1ade un toque de distinci\u00f3n a tus \u00e1reas al aire libre. Equipado con un portal\u00e1mpara E27, este aplique ofrece una calidad de luz excepcional, creando una atm\u00f3sfera acogedora y c\u00e1lida en tus noches al aire libre.<\/p>\n<p>Dise\u00f1ado para resistir los elementos, este aplique cuenta con un impresionante \u00edndice de protecci\u00f3n IP44, garantizando su durabilidad y resistencia ante condiciones clim\u00e1ticas adversas. Con un peso neto de 580 gramos, su construcci\u00f3n robusta pero ligera facilita su instalaci\u00f3n sin complicaciones.<\/p>\n<p>Disponible no solo en Blanco, sino tambi\u00e9n en Negro y Oro Viejo, el aplique MACA te ofrece opciones para adaptarse a tu estilo y preferencias personales. Y lo mejor de todo, \u00a1viene con una bombilla incluida para que puedas disfrutar de su luz radiante desde el momento en que lo instales!<\/p>\n<p>Ilumina tus noches al aire libre con estilo y funcionalidad gracias al aplique de exterior serie MACA. \u00a1Descubre c\u00f3mo este elegante accesorio puede transformar tus espacios exteriores en verdaderos oasis de luz y belleza!<\/p>\n","protected":false},"excerpt":{"rendered":"<p>\u00a1Prep\u00e1rate para llevar la sofisticaci\u00f3n a tus espacios al aire libre con el aplique de exterior serie MACA! Este impresionante accesorio, confeccionado en Policarbonato Blanco y con un estilo cl\u00e1sico impecable, es la elecci\u00f3n perfecta para aquellos que buscan combinar elegancia y funcionalidad en su iluminaci\u00f3n exterior. Con unas dimensiones de 24,5x17x22,3 cent\u00edmetros, el aplique [&hellip;]<\/p>\n","protected":false},"featured_media":586,"comment_status":"open","ping_status":"closed","template":"","meta":[],"product_cat":[26,19],"product_tag":[],"_links":{"self":[{"href":"https:\/\/www.houseluz.com\/index.php?rest_route=\/wp\/v2\/product\/583"}],"collection":[{"href":"https:\/\/www.houseluz.com\/index.php?rest_route=\/wp\/v2\/product"}],"about":[{"href":"https:\/\/www.houseluz.com\/index.php?rest_route=\/wp\/v2\/types\/product"}],"replies":[{"embeddable":true,"href":"https:\/\/www.houseluz.com\/index.php?rest_route=%2Fwp%2Fv2%2Fcomments&post=583"}],"wp:featuredmedia":[{"embeddable":true,"href":"https:\/\/www.houseluz.com\/index.php?rest_route=\/wp\/v2\/media\/586"}],"wp:attachment":[{"href":"https:\/\/www.houseluz.com\/index.php?rest_route=%2Fwp%2Fv2%2Fmedia&parent=583"}],"wp:term":[{"taxonomy":"product_cat","embeddable":true,"href":"https:\/\/www.houseluz.com\/index.php?rest_route=%2Fwp%2Fv2%2Fproduct_cat&post=583"},{"taxonomy":"product_tag","embeddable":true,"href":"https:\/\/www.houseluz.com\/index.php?rest_route=%2Fwp%2Fv2%2Fproduct_tag&post=583"}],"curies":[{"name":"wp","href":"https:\/\/api.w.org\/{rel}","templated":true}]}}