{"id":573,"date":"2024-06-06T16:13:32","date_gmt":"2024-06-06T16:13:32","guid":{"rendered":"https:\/\/www.houseluz.com\/?post_type=product&#038;p=573"},"modified":"2024-06-06T16:13:32","modified_gmt":"2024-06-06T16:13:32","slug":"angelica","status":"publish","type":"product","link":"https:\/\/www.houseluz.com\/?product=angelica","title":{"rendered":"Ang\u00e9lica"},"content":{"rendered":"<p>Descubre el encanto del aplique de exterior serie ANG\u00c9LICA, elaborado en resistente policarbonato negro con un elegante dise\u00f1o cl\u00e1sico. Con unas dimensiones de 36,2&#215;16,6&#215;20,5 cm, este aplique incluye un portal\u00e1mpara E27 y est\u00e1 especialmente recomendado para exteriores gracias a su \u00edndice de protecci\u00f3n IP44. Su peso neto es de solo 420 gramos, lo que facilita su instalaci\u00f3n. Completa tu espacio con el sobre muro a juego, disponible tambi\u00e9n en blanco y oro viejo. Adem\u00e1s, incluye bombilla para que disfrutes de una iluminaci\u00f3n inmediata y sofisticada.<\/p>\n","protected":false},"excerpt":{"rendered":"<p>Descubre el encanto del aplique de exterior serie ANG\u00c9LICA, elaborado en resistente policarbonato negro con un elegante dise\u00f1o cl\u00e1sico. Con unas dimensiones de 36,2&#215;16,6&#215;20,5 cm, este aplique incluye un portal\u00e1mpara E27 y est\u00e1 especialmente recomendado para exteriores gracias a su \u00edndice de protecci\u00f3n IP44. Su peso neto es de solo 420 gramos, lo que facilita [&hellip;]<\/p>\n","protected":false},"featured_media":540,"comment_status":"open","ping_status":"closed","template":"","meta":[],"product_cat":[26,19],"product_tag":[],"_links":{"self":[{"href":"https:\/\/www.houseluz.com\/index.php?rest_route=\/wp\/v2\/product\/573"}],"collection":[{"href":"https:\/\/www.houseluz.com\/index.php?rest_route=\/wp\/v2\/product"}],"about":[{"href":"https:\/\/www.houseluz.com\/index.php?rest_route=\/wp\/v2\/types\/product"}],"replies":[{"embeddable":true,"href":"https:\/\/www.houseluz.com\/index.php?rest_route=%2Fwp%2Fv2%2Fcomments&post=573"}],"wp:featuredmedia":[{"embeddable":true,"href":"https:\/\/www.houseluz.com\/index.php?rest_route=\/wp\/v2\/media\/540"}],"wp:attachment":[{"href":"https:\/\/www.houseluz.com\/index.php?rest_route=%2Fwp%2Fv2%2Fmedia&parent=573"}],"wp:term":[{"taxonomy":"product_cat","embeddable":true,"href":"https:\/\/www.houseluz.com\/index.php?rest_route=%2Fwp%2Fv2%2Fproduct_cat&post=573"},{"taxonomy":"product_tag","embeddable":true,"href":"https:\/\/www.houseluz.com\/index.php?rest_route=%2Fwp%2Fv2%2Fproduct_tag&post=573"}],"curies":[{"name":"wp","href":"https:\/\/api.w.org\/{rel}","templated":true}]}}