{"id":564,"date":"2024-06-06T16:01:22","date_gmt":"2024-06-06T16:01:22","guid":{"rendered":"https:\/\/www.houseluz.com\/?post_type=product&#038;p=564"},"modified":"2024-06-07T15:26:22","modified_gmt":"2024-06-07T15:26:22","slug":"sobremuro-albahaca","status":"publish","type":"product","link":"https:\/\/www.houseluz.com\/?product=sobremuro-albahaca","title":{"rendered":"Albahaca Sobremuro"},"content":{"rendered":"<h3>Embellece tu Espacio Exterior con el Sobremuro Serie ALBA<\/h3>\n<p>A\u00f1ade un toque de distinci\u00f3n a tu jard\u00edn o terraza con el elegante Sobremuro de Exterior de la serie ALBAHACA. Dise\u00f1ado con un estilo cl\u00e1sico y realizado en policarbonato resistente de color BLANCO, este sobremuro es el complemento perfecto para iluminar tus exteriores con sof\u00e1.<\/p>\n<p><strong>Caracter\u00edsticas principales:<\/strong><\/p>\n<ul>\n<li><strong>Dimensiones:<\/strong>41,5&#215;16,5 de di\u00e1metro<\/li>\n<li><strong>Portal\u00e1mpara E27:<\/strong>Compatible con E-27<\/li>\n<li><strong>Protecci\u00f3n IP44:<\/strong> Dise\u00f1ado para exteriores<\/li>\n<li><strong>Peso neto:<\/strong> L<\/li>\n<li><strong>Colecci\u00f3n Completa:<\/strong> negro, blanco y oro viejo.<\/li>\n<\/ul>\n<p>Este sobremuro no solo ilumina, sino que realza la belleza de tus espacios al aire libre con su dise\u00f1o cl\u00e1sico y elegante. Perfecto para crear una atm\u00f3sfera acogedora y atractiva, convirtiendo cualquier rinc\u00f3n de tu exterior en un lugar encantador. <strong>Nota:<\/strong> La bombilla est\u00e1 incluida, permiti\u00e9ndote la iluminaci\u00f3n que mejor se adapte al estilo.<\/p>\n","protected":false},"excerpt":{"rendered":"<p>Embellece tu Espacio Exterior con el Sobremuro Serie ALBA A\u00f1ade un toque de distinci\u00f3n a tu jard\u00edn o terraza con el elegante Sobremuro de Exterior de la serie ALBAHACA. Dise\u00f1ado con un estilo cl\u00e1sico y realizado en policarbonato resistente de color BLANCO, este sobremuro es el complemento perfecto para iluminar tus exteriores con sof\u00e1. Caracter\u00edsticas [&hellip;]<\/p>\n","protected":false},"featured_media":567,"comment_status":"open","ping_status":"closed","template":"","meta":[],"product_cat":[19,69],"product_tag":[],"_links":{"self":[{"href":"https:\/\/www.houseluz.com\/index.php?rest_route=\/wp\/v2\/product\/564"}],"collection":[{"href":"https:\/\/www.houseluz.com\/index.php?rest_route=\/wp\/v2\/product"}],"about":[{"href":"https:\/\/www.houseluz.com\/index.php?rest_route=\/wp\/v2\/types\/product"}],"replies":[{"embeddable":true,"href":"https:\/\/www.houseluz.com\/index.php?rest_route=%2Fwp%2Fv2%2Fcomments&post=564"}],"wp:featuredmedia":[{"embeddable":true,"href":"https:\/\/www.houseluz.com\/index.php?rest_route=\/wp\/v2\/media\/567"}],"wp:attachment":[{"href":"https:\/\/www.houseluz.com\/index.php?rest_route=%2Fwp%2Fv2%2Fmedia&parent=564"}],"wp:term":[{"taxonomy":"product_cat","embeddable":true,"href":"https:\/\/www.houseluz.com\/index.php?rest_route=%2Fwp%2Fv2%2Fproduct_cat&post=564"},{"taxonomy":"product_tag","embeddable":true,"href":"https:\/\/www.houseluz.com\/index.php?rest_route=%2Fwp%2Fv2%2Fproduct_tag&post=564"}],"curies":[{"name":"wp","href":"https:\/\/api.w.org\/{rel}","templated":true}]}}