{"id":538,"date":"2024-06-06T15:21:47","date_gmt":"2024-06-06T15:21:47","guid":{"rendered":"https:\/\/www.houseluz.com\/?post_type=product&#038;p=538"},"modified":"2024-06-06T16:15:52","modified_gmt":"2024-06-06T16:15:52","slug":"angelical","status":"publish","type":"product","link":"https:\/\/www.houseluz.com\/?product=angelical","title":{"rendered":"Albahaca"},"content":{"rendered":"<div class=\"flex flex-grow flex-col max-w-full\">\n<div class=\"min-h-[20px] text-message flex flex-col items-start whitespace-pre-wrap break-words [.text-message+&amp;]:mt-5 juice:w-full juice:items-end overflow-x-auto gap-2\" dir=\"auto\" data-message-author-role=\"assistant\" data-message-id=\"e6c01aa4-885b-41f5-884e-649232f2fc0c\">\n<div class=\"flex w-full flex-col gap-1 juice:empty:hidden juice:first:pt-[3px]\">\n<div class=\"markdown prose w-full break-words dark:prose-invert light\">\n<p><strong>Ilumina tu Exterior con Elegancia: Aplique de Exterior Serie ALBAHACA<\/strong><\/p>\n<p>Transforma tus espacios exteriores con el sofisticado aplique de la serie ALBAHACA, dise\u00f1ado en resistente policarbonato de color negro con un estilo cl\u00e1sico que nunca pasa de moda. Con unas dimensiones de 35x15x19,7 cm, este aplique es el complemento perfecto para a\u00f1adir un toque de distinci\u00f3n y funcionalidad a tu jard\u00edn, terraza o entrada.<\/p>\n<p><strong>Caracter\u00edsticas Principales:<\/strong><br \/>\n<strong>&#8211; Portal\u00e1mpara E27:<\/strong> Compatible con una amplia gama de bombillas, ofreci\u00e9ndote la libertad de elegir la luz perfecta.<br \/>\n<strong>&#8211; Protecci\u00f3n IP44:<\/strong> Dise\u00f1ado para soportar las condiciones exteriores, garantizando durabilidad y seguridad.<br \/>\n<strong>&#8211; Peso Neto:<\/strong> Con solo 720 gramos, es ligero y f\u00e1cil de instalar.<br \/>\n<strong>&#8211; Serie Completa:<\/strong> Completa tu decoraci\u00f3n con el colgante y el sobre muro de la misma serie, disponibles tambi\u00e9n en Blanco y Oro Viejo.<\/p>\n<p>Adem\u00e1s, el aplique ALBAHACA incluye una bombilla, para que puedas disfrutar de una iluminaci\u00f3n elegante desde el primer momento. Dale a tus exteriores un toque de clase y sofisticaci\u00f3n con este aplique \u00fanico, y crea un ambiente acogedor y atractivo en cualquier rinc\u00f3n de tu hogar. \u00a1Haz de tus noches al aire libre una experiencia m\u00e1gica!<\/p>\n<\/div>\n<\/div>\n<\/div>\n<\/div>\n","protected":false},"excerpt":{"rendered":"<p>Ilumina tu Exterior con Elegancia: Aplique de Exterior Serie ALBAHACA Transforma tus espacios exteriores con el sofisticado aplique de la serie ALBAHACA, dise\u00f1ado en resistente policarbonato de color negro con un estilo cl\u00e1sico que nunca pasa de moda. Con unas dimensiones de 35x15x19,7 cm, este aplique es el complemento perfecto para a\u00f1adir un toque de [&hellip;]<\/p>\n","protected":false},"featured_media":559,"comment_status":"open","ping_status":"closed","template":"","meta":[],"product_cat":[26,19],"product_tag":[],"_links":{"self":[{"href":"https:\/\/www.houseluz.com\/index.php?rest_route=\/wp\/v2\/product\/538"}],"collection":[{"href":"https:\/\/www.houseluz.com\/index.php?rest_route=\/wp\/v2\/product"}],"about":[{"href":"https:\/\/www.houseluz.com\/index.php?rest_route=\/wp\/v2\/types\/product"}],"replies":[{"embeddable":true,"href":"https:\/\/www.houseluz.com\/index.php?rest_route=%2Fwp%2Fv2%2Fcomments&post=538"}],"wp:featuredmedia":[{"embeddable":true,"href":"https:\/\/www.houseluz.com\/index.php?rest_route=\/wp\/v2\/media\/559"}],"wp:attachment":[{"href":"https:\/\/www.houseluz.com\/index.php?rest_route=%2Fwp%2Fv2%2Fmedia&parent=538"}],"wp:term":[{"taxonomy":"product_cat","embeddable":true,"href":"https:\/\/www.houseluz.com\/index.php?rest_route=%2Fwp%2Fv2%2Fproduct_cat&post=538"},{"taxonomy":"product_tag","embeddable":true,"href":"https:\/\/www.houseluz.com\/index.php?rest_route=%2Fwp%2Fv2%2Fproduct_tag&post=538"}],"curies":[{"name":"wp","href":"https:\/\/api.w.org\/{rel}","templated":true}]}}