{"id":535,"date":"2024-06-03T09:02:48","date_gmt":"2024-06-03T09:02:48","guid":{"rendered":"https:\/\/www.houseluz.com\/?post_type=product&#038;p=535"},"modified":"2024-06-06T15:48:16","modified_gmt":"2024-06-06T15:48:16","slug":"conga","status":"publish","type":"product","link":"https:\/\/www.houseluz.com\/?product=conga","title":{"rendered":"Conga"},"content":{"rendered":"<p>D\u00e9jese seducir por la elegancia moderna de nuestro aplique de exterior de la serie CONGA, una obra maestra realizada con la combinaci\u00f3n perfecta de aluminio y cristal, garantizando durabilidad y estilo sin igual. Este aplique, dise\u00f1ado con un enfoque contempor\u00e1neo, es la opci\u00f3n ideal para patios, entradas, porches y muros exteriores, a\u00f1adiendo un toque de sofisticaci\u00f3n a cualquier espacio al aire libre.<\/p>\n<p>Con la capacidad de iluminar tanto de manera directa como indirecta, este aplique le ofrece la flexibilidad de elegir la direcci\u00f3n y la intensidad de la luz, gracias a una ingeniosa placa interna que le permite controlar la salida de luz hacia arriba o hacia abajo. Equipado con un portal\u00e1mparas E27, le brinda la libertad de seleccionar la bombilla que mejor se adapte a sus necesidades lum\u00ednicas (bombilla incluida).<\/p>\n<p>Con unas dimensiones de 10,5x26x6,5 cent\u00edmetros, este aplique combina dimensiones compactas con una poderosa presencia visual. Adem\u00e1s, con un \u00edndice de protecci\u00f3n IP54, est\u00e1 dise\u00f1ado para resistir las condiciones clim\u00e1ticas m\u00e1s adversas, asegurando un rendimiento \u00f3ptimo y duradero en exteriores.<\/p>\n<p>Sum\u00e9rjase en la sofisticaci\u00f3n moderna con el aplique de exterior serie CONGA, una pieza que fusiona funcionalidad y estilo con maestr\u00eda, agregando un toque de distinci\u00f3n a su espacio exterior.<\/p>\n","protected":false},"excerpt":{"rendered":"<p>D\u00e9jese seducir por la elegancia moderna de nuestro aplique de exterior de la serie CONGA, una obra maestra realizada con la combinaci\u00f3n perfecta de aluminio y cristal, garantizando durabilidad y estilo sin igual. Este aplique, dise\u00f1ado con un enfoque contempor\u00e1neo, es la opci\u00f3n ideal para patios, entradas, porches y muros exteriores, a\u00f1adiendo un toque de [&hellip;]<\/p>\n","protected":false},"featured_media":537,"comment_status":"open","ping_status":"closed","template":"","meta":[],"product_cat":[26,19],"product_tag":[],"_links":{"self":[{"href":"https:\/\/www.houseluz.com\/index.php?rest_route=\/wp\/v2\/product\/535"}],"collection":[{"href":"https:\/\/www.houseluz.com\/index.php?rest_route=\/wp\/v2\/product"}],"about":[{"href":"https:\/\/www.houseluz.com\/index.php?rest_route=\/wp\/v2\/types\/product"}],"replies":[{"embeddable":true,"href":"https:\/\/www.houseluz.com\/index.php?rest_route=%2Fwp%2Fv2%2Fcomments&post=535"}],"wp:featuredmedia":[{"embeddable":true,"href":"https:\/\/www.houseluz.com\/index.php?rest_route=\/wp\/v2\/media\/537"}],"wp:attachment":[{"href":"https:\/\/www.houseluz.com\/index.php?rest_route=%2Fwp%2Fv2%2Fmedia&parent=535"}],"wp:term":[{"taxonomy":"product_cat","embeddable":true,"href":"https:\/\/www.houseluz.com\/index.php?rest_route=%2Fwp%2Fv2%2Fproduct_cat&post=535"},{"taxonomy":"product_tag","embeddable":true,"href":"https:\/\/www.houseluz.com\/index.php?rest_route=%2Fwp%2Fv2%2Fproduct_tag&post=535"}],"curies":[{"name":"wp","href":"https:\/\/api.w.org\/{rel}","templated":true}]}}