{"id":532,"date":"2024-06-03T09:01:21","date_gmt":"2024-06-03T09:01:21","guid":{"rendered":"https:\/\/www.houseluz.com\/?post_type=product&#038;p=532"},"modified":"2024-06-06T15:48:41","modified_gmt":"2024-06-06T15:48:41","slug":"kefir","status":"publish","type":"product","link":"https:\/\/www.houseluz.com\/?product=kefir","title":{"rendered":"Kefir"},"content":{"rendered":"<p>Descubra la elegancia contempor\u00e1nea con nuestro aplique de exterior de la serie KEFIR, elaborado con precisi\u00f3n en policarbonato negro. Con unas dimensiones de 13,2x32x13 cent\u00edmetros, este cautivador dise\u00f1o fusiona la funcionalidad con la est\u00e9tica moderna.<\/p>\n<p>Su innovador dise\u00f1o permite que la luz se proyecte tanto hacia arriba como hacia abajo, creando una iluminaci\u00f3n directa e indirecta que realza cualquier espacio exterior. Equipado con un portal\u00e1mpara E27, este aplique ofrece versatilidad en la elecci\u00f3n de la fuente de luz, bombilla incluida.<\/p>\n<p>Con un \u00edndice de protecci\u00f3n IP65, este aplique est\u00e1 dise\u00f1ado para resistir las inclemencias del tiempo, asegurando un rendimiento \u00f3ptimo incluso en condiciones adversas. Ideal para iluminar \u00e1reas exteriores con estilo y funcionalidad, el aplique de la serie KEFIR es la elecci\u00f3n perfecta para realzar la belleza de su entorno exterior con un toque moderno y original.<\/p>\n","protected":false},"excerpt":{"rendered":"<p>Descubra la elegancia contempor\u00e1nea con nuestro aplique de exterior de la serie KEFIR, elaborado con precisi\u00f3n en policarbonato negro. Con unas dimensiones de 13,2x32x13 cent\u00edmetros, este cautivador dise\u00f1o fusiona la funcionalidad con la est\u00e9tica moderna. Su innovador dise\u00f1o permite que la luz se proyecte tanto hacia arriba como hacia abajo, creando una iluminaci\u00f3n directa e [&hellip;]<\/p>\n","protected":false},"featured_media":534,"comment_status":"open","ping_status":"closed","template":"","meta":[],"product_cat":[26,19],"product_tag":[],"_links":{"self":[{"href":"https:\/\/www.houseluz.com\/index.php?rest_route=\/wp\/v2\/product\/532"}],"collection":[{"href":"https:\/\/www.houseluz.com\/index.php?rest_route=\/wp\/v2\/product"}],"about":[{"href":"https:\/\/www.houseluz.com\/index.php?rest_route=\/wp\/v2\/types\/product"}],"replies":[{"embeddable":true,"href":"https:\/\/www.houseluz.com\/index.php?rest_route=%2Fwp%2Fv2%2Fcomments&post=532"}],"wp:featuredmedia":[{"embeddable":true,"href":"https:\/\/www.houseluz.com\/index.php?rest_route=\/wp\/v2\/media\/534"}],"wp:attachment":[{"href":"https:\/\/www.houseluz.com\/index.php?rest_route=%2Fwp%2Fv2%2Fmedia&parent=532"}],"wp:term":[{"taxonomy":"product_cat","embeddable":true,"href":"https:\/\/www.houseluz.com\/index.php?rest_route=%2Fwp%2Fv2%2Fproduct_cat&post=532"},{"taxonomy":"product_tag","embeddable":true,"href":"https:\/\/www.houseluz.com\/index.php?rest_route=%2Fwp%2Fv2%2Fproduct_tag&post=532"}],"curies":[{"name":"wp","href":"https:\/\/api.w.org\/{rel}","templated":true}]}}