{"id":529,"date":"2024-06-03T08:59:20","date_gmt":"2024-06-03T08:59:20","guid":{"rendered":"https:\/\/www.houseluz.com\/?post_type=product&#038;p=529"},"modified":"2024-06-06T15:49:07","modified_gmt":"2024-06-06T15:49:07","slug":"tejo","status":"publish","type":"product","link":"https:\/\/www.houseluz.com\/?product=tejo","title":{"rendered":"Tejo"},"content":{"rendered":"<p>Sum\u00e9rjase en la sofisticaci\u00f3n de la iluminaci\u00f3n exterior con nuestro exquisito aplique dise\u00f1ado meticulosamente para terrazas y jardines. Fabricado con precisi\u00f3n en aluminio inyectado, este artefacto luminoso emana elegancia y calidad incomparables.<\/p>\n<p>El refinado difusor opal de policarbonato disemina la luz de manera suave y uniforme, creando una atm\u00f3sfera cautivadora en cualquier espacio al aire libre. Con una clasificaci\u00f3n IP54, este aplique desaf\u00eda las inclemencias del tiempo con su resistencia al polvo y a las salpicaduras de agua.<\/p>\n<p>Compatibilidad global es la piedra angular de su dise\u00f1o, con la capacidad de adaptarse sin esfuerzo a tensiones de red de 100V-240V. Adem\u00e1s, su potencia m\u00e1xima de 15W promete una iluminaci\u00f3n envolvente y eficiente, mientras que su clasificaci\u00f3n IK06 garantiza una protecci\u00f3n fiable contra impactos moderados.<\/p>\n<p>Envolviendo su n\u00facleo de aluminio, el difusor opal brinda un acabado exquisito y atemporal. Este aplique, m\u00e1s que una simple fuente de luz, es una declaraci\u00f3n de estilo refinado y una manifestaci\u00f3n de excelencia en dise\u00f1o y funcionalidad. Bombilla incluida.<\/p>\n","protected":false},"excerpt":{"rendered":"<p>Sum\u00e9rjase en la sofisticaci\u00f3n de la iluminaci\u00f3n exterior con nuestro exquisito aplique dise\u00f1ado meticulosamente para terrazas y jardines. Fabricado con precisi\u00f3n en aluminio inyectado, este artefacto luminoso emana elegancia y calidad incomparables. El refinado difusor opal de policarbonato disemina la luz de manera suave y uniforme, creando una atm\u00f3sfera cautivadora en cualquier espacio al aire [&hellip;]<\/p>\n","protected":false},"featured_media":531,"comment_status":"open","ping_status":"closed","template":"","meta":[],"product_cat":[26,19],"product_tag":[],"_links":{"self":[{"href":"https:\/\/www.houseluz.com\/index.php?rest_route=\/wp\/v2\/product\/529"}],"collection":[{"href":"https:\/\/www.houseluz.com\/index.php?rest_route=\/wp\/v2\/product"}],"about":[{"href":"https:\/\/www.houseluz.com\/index.php?rest_route=\/wp\/v2\/types\/product"}],"replies":[{"embeddable":true,"href":"https:\/\/www.houseluz.com\/index.php?rest_route=%2Fwp%2Fv2%2Fcomments&post=529"}],"wp:featuredmedia":[{"embeddable":true,"href":"https:\/\/www.houseluz.com\/index.php?rest_route=\/wp\/v2\/media\/531"}],"wp:attachment":[{"href":"https:\/\/www.houseluz.com\/index.php?rest_route=%2Fwp%2Fv2%2Fmedia&parent=529"}],"wp:term":[{"taxonomy":"product_cat","embeddable":true,"href":"https:\/\/www.houseluz.com\/index.php?rest_route=%2Fwp%2Fv2%2Fproduct_cat&post=529"},{"taxonomy":"product_tag","embeddable":true,"href":"https:\/\/www.houseluz.com\/index.php?rest_route=%2Fwp%2Fv2%2Fproduct_tag&post=529"}],"curies":[{"name":"wp","href":"https:\/\/api.w.org\/{rel}","templated":true}]}}