{"id":522,"date":"2024-06-03T08:52:01","date_gmt":"2024-06-03T08:52:01","guid":{"rendered":"https:\/\/www.houseluz.com\/?post_type=product&#038;p=522"},"modified":"2024-06-06T15:50:06","modified_gmt":"2024-06-06T15:50:06","slug":"future","status":"publish","type":"product","link":"https:\/\/www.houseluz.com\/?product=future","title":{"rendered":"Future"},"content":{"rendered":"<p>Dise\u00f1ado por Estudi Ribaud\u00ed, este aplique moderno es la elecci\u00f3n ideal para quienes buscan una soluci\u00f3n de iluminaci\u00f3n elegante y funcional para exteriores. Fabricado completamente en policarbonato, tanto el cuerpo como el difusor, este aplique ofrece una resistencia y durabilidad excepcionales.<\/p>\n<p><strong>Especificaciones t\u00e9cnicas:<\/strong><\/p>\n<ul>\n<li><strong>Fijaci\u00f3n:<\/strong> Pared<\/li>\n<li><strong>Clase:<\/strong> II<\/li>\n<li><strong>\u00cdndice de Protecci\u00f3n:<\/strong> IP44, asegurando protecci\u00f3n contra salpicaduras de agua y polvo.<\/li>\n<li><strong>Voltaje:<\/strong> Compatible con redes de 110-120V y 220-240V, adapt\u00e1ndose a diversos mercados globales.<\/li>\n<li><strong>Hercios:<\/strong> 50\/60Hz<\/li>\n<li><strong>Potencia M\u00e1xima:<\/strong> 15W<\/li>\n<li><strong>\u00cdndice de Protecci\u00f3n contra Impactos:<\/strong> IK08, garantizando una alta resistencia a los golpes.<\/li>\n<li><strong>Bombilla incluida:<\/strong> Listo<\/li>\n<\/ul>\n<p><strong>Materiales:<\/strong><\/p>\n<ul>\n<li><strong>Cuerpo\/Estructura:<\/strong> Policarbonato (PC)<\/li>\n<li><strong>Difusor:<\/strong> Policarbonato (PC) en acabado opal<\/li>\n<\/ul>\n<p><strong>Acabados:<\/strong><\/p>\n<ul>\n<li><strong>Difusor:<\/strong> Opal<\/li>\n<\/ul>\n<p>Este aplique no solo es perfecto para iluminar terrazas y jardines, sino que tambi\u00e9n aporta un toque moderno y sofisticado a cualquier espacio exterior. Su dise\u00f1o robusto y vers\u00e1til lo hace ideal para diversas aplicaciones, asegurando un rendimiento \u00f3ptimo y una larga vida \u00fatil.<\/p>\n","protected":false},"excerpt":{"rendered":"<p>Dise\u00f1ado por Estudi Ribaud\u00ed, este aplique moderno es la elecci\u00f3n ideal para quienes buscan una soluci\u00f3n de iluminaci\u00f3n elegante y funcional para exteriores. Fabricado completamente en policarbonato, tanto el cuerpo como el difusor, este aplique ofrece una resistencia y durabilidad excepcionales. Especificaciones t\u00e9cnicas: Fijaci\u00f3n: Pared Clase: II \u00cdndice de Protecci\u00f3n: IP44, asegurando protecci\u00f3n contra salpicaduras [&hellip;]<\/p>\n","protected":false},"featured_media":523,"comment_status":"open","ping_status":"closed","template":"","meta":[],"product_cat":[26,19],"product_tag":[],"_links":{"self":[{"href":"https:\/\/www.houseluz.com\/index.php?rest_route=\/wp\/v2\/product\/522"}],"collection":[{"href":"https:\/\/www.houseluz.com\/index.php?rest_route=\/wp\/v2\/product"}],"about":[{"href":"https:\/\/www.houseluz.com\/index.php?rest_route=\/wp\/v2\/types\/product"}],"replies":[{"embeddable":true,"href":"https:\/\/www.houseluz.com\/index.php?rest_route=%2Fwp%2Fv2%2Fcomments&post=522"}],"wp:featuredmedia":[{"embeddable":true,"href":"https:\/\/www.houseluz.com\/index.php?rest_route=\/wp\/v2\/media\/523"}],"wp:attachment":[{"href":"https:\/\/www.houseluz.com\/index.php?rest_route=%2Fwp%2Fv2%2Fmedia&parent=522"}],"wp:term":[{"taxonomy":"product_cat","embeddable":true,"href":"https:\/\/www.houseluz.com\/index.php?rest_route=%2Fwp%2Fv2%2Fproduct_cat&post=522"},{"taxonomy":"product_tag","embeddable":true,"href":"https:\/\/www.houseluz.com\/index.php?rest_route=%2Fwp%2Fv2%2Fproduct_tag&post=522"}],"curies":[{"name":"wp","href":"https:\/\/api.w.org\/{rel}","templated":true}]}}