{"id":519,"date":"2024-06-03T08:50:32","date_gmt":"2024-06-03T08:50:32","guid":{"rendered":"https:\/\/www.houseluz.com\/?post_type=product&#038;p=519"},"modified":"2024-06-06T15:50:34","modified_gmt":"2024-06-06T15:50:34","slug":"ancora","status":"publish","type":"product","link":"https:\/\/www.houseluz.com\/?product=ancora","title":{"rendered":"Ancora"},"content":{"rendered":"<p>El aplique moderno de exterior dise\u00f1ado por Alex &amp; Manel Llusc\u00e0 es una combinaci\u00f3n perfecta de estilo y funcionalidad, ideal para iluminar y embellecer cualquier espacio al aire libre. Fabricado en aluminio inyectado, este aplique cuenta con un difusor de policarbonato opal que proporciona una luz suave y acogedora.<\/p>\n<p><strong>Especificaciones t\u00e9cnicas:<\/strong><\/p>\n<ul>\n<li><strong>Fijaci\u00f3n:<\/strong> Pared<\/li>\n<li><strong>Clase:<\/strong> I<\/li>\n<li><strong>\u00cdndice de Protecci\u00f3n:<\/strong> IP44, garantizando resistencia frente a salpicaduras de agua y polvo.<\/li>\n<li><strong>Voltaje:<\/strong> Compatible con redes de 110-120V y 220-240V, ofreciendo versatilidad para diferentes mercados globales.<\/li>\n<li><strong>Hercios:<\/strong> 50\/60Hz<\/li>\n<li><strong>Potencia M\u00e1xima:<\/strong> 15W<\/li>\n<li><strong>Bombilla incluida:<\/strong> Listo<\/li>\n<\/ul>\n<p><strong>Materiales:<\/strong><\/p>\n<ul>\n<li><strong>Cuerpo\/Estructura:<\/strong> Aluminio<\/li>\n<li><strong>Difusor:<\/strong> Policarbonato (PC) en acabado opal<\/li>\n<\/ul>\n<p>Dise\u00f1ado con un enfoque en la calidad y la durabilidad, este aplique no solo ilumina eficazmente, sino que tambi\u00e9n a\u00f1ade un toque moderno y elegante a terrazas, jardines y fachadas. Su dise\u00f1o sofisticado y materiales resistentes aseguran una larga vida \u00fatil y un rendimiento excepcional en cualquier condici\u00f3n clim\u00e1tica.<\/p>\n","protected":false},"excerpt":{"rendered":"<p>El aplique moderno de exterior dise\u00f1ado por Alex &amp; Manel Llusc\u00e0 es una combinaci\u00f3n perfecta de estilo y funcionalidad, ideal para iluminar y embellecer cualquier espacio al aire libre. Fabricado en aluminio inyectado, este aplique cuenta con un difusor de policarbonato opal que proporciona una luz suave y acogedora. Especificaciones t\u00e9cnicas: Fijaci\u00f3n: Pared Clase: I [&hellip;]<\/p>\n","protected":false},"featured_media":520,"comment_status":"open","ping_status":"closed","template":"","meta":[],"product_cat":[26,19],"product_tag":[],"_links":{"self":[{"href":"https:\/\/www.houseluz.com\/index.php?rest_route=\/wp\/v2\/product\/519"}],"collection":[{"href":"https:\/\/www.houseluz.com\/index.php?rest_route=\/wp\/v2\/product"}],"about":[{"href":"https:\/\/www.houseluz.com\/index.php?rest_route=\/wp\/v2\/types\/product"}],"replies":[{"embeddable":true,"href":"https:\/\/www.houseluz.com\/index.php?rest_route=%2Fwp%2Fv2%2Fcomments&post=519"}],"wp:featuredmedia":[{"embeddable":true,"href":"https:\/\/www.houseluz.com\/index.php?rest_route=\/wp\/v2\/media\/520"}],"wp:attachment":[{"href":"https:\/\/www.houseluz.com\/index.php?rest_route=%2Fwp%2Fv2%2Fmedia&parent=519"}],"wp:term":[{"taxonomy":"product_cat","embeddable":true,"href":"https:\/\/www.houseluz.com\/index.php?rest_route=%2Fwp%2Fv2%2Fproduct_cat&post=519"},{"taxonomy":"product_tag","embeddable":true,"href":"https:\/\/www.houseluz.com\/index.php?rest_route=%2Fwp%2Fv2%2Fproduct_tag&post=519"}],"curies":[{"name":"wp","href":"https:\/\/api.w.org\/{rel}","templated":true}]}}