{"id":514,"date":"2024-06-03T08:44:44","date_gmt":"2024-06-03T08:44:44","guid":{"rendered":"https:\/\/www.houseluz.com\/?post_type=product&#038;p=514"},"modified":"2025-12-31T17:28:29","modified_gmt":"2025-12-31T17:28:29","slug":"achernar","status":"publish","type":"product","link":"https:\/\/www.houseluz.com\/?product=achernar","title":{"rendered":"Achernar"},"content":{"rendered":"<p>El aplique de exterior de la serie Achernar es la elecci\u00f3n perfecta para quienes buscan una combinaci\u00f3n de estilo moderno y materiales de alta calidad. De color marr\u00f3n con un difusor blanco, este aplique est\u00e1 realizado en aluminio y cristal, lo que garantiza su durabilidad y resistencia.<\/p>\n<p>Dise\u00f1ado para iluminar, proteger y decorar los exteriores de tu hogar, el Achernar es ideal para patios, entradas y porches, ya sea en residencias o en zonas de trabajo. Su dise\u00f1o moderno y original aporta un toque de elegancia y distinci\u00f3n a cualquier espacio exterior.<\/p>\n<p>Equipado con un portal\u00e1mparas E27, permite una personalizaci\u00f3n sencilla de la iluminaci\u00f3n. Con unas dimensiones de 25,5x18x13 cm, este aplique es compacto y f\u00e1cil de instalar. Bombilla incluida.<\/p>\n","protected":false},"excerpt":{"rendered":"<p>El aplique de exterior de la serie Achernar es la elecci\u00f3n perfecta para quienes buscan una combinaci\u00f3n de estilo moderno y materiales de alta calidad. De color marr\u00f3n con un difusor blanco, este aplique est\u00e1 realizado en aluminio y cristal, lo que garantiza su durabilidad y resistencia. Dise\u00f1ado para iluminar, proteger y decorar los exteriores [&hellip;]<\/p>\n","protected":false},"featured_media":515,"comment_status":"open","ping_status":"closed","template":"","meta":[],"product_cat":[26,19],"product_tag":[],"_links":{"self":[{"href":"https:\/\/www.houseluz.com\/index.php?rest_route=\/wp\/v2\/product\/514"}],"collection":[{"href":"https:\/\/www.houseluz.com\/index.php?rest_route=\/wp\/v2\/product"}],"about":[{"href":"https:\/\/www.houseluz.com\/index.php?rest_route=\/wp\/v2\/types\/product"}],"replies":[{"embeddable":true,"href":"https:\/\/www.houseluz.com\/index.php?rest_route=%2Fwp%2Fv2%2Fcomments&post=514"}],"wp:featuredmedia":[{"embeddable":true,"href":"https:\/\/www.houseluz.com\/index.php?rest_route=\/wp\/v2\/media\/515"}],"wp:attachment":[{"href":"https:\/\/www.houseluz.com\/index.php?rest_route=%2Fwp%2Fv2%2Fmedia&parent=514"}],"wp:term":[{"taxonomy":"product_cat","embeddable":true,"href":"https:\/\/www.houseluz.com\/index.php?rest_route=%2Fwp%2Fv2%2Fproduct_cat&post=514"},{"taxonomy":"product_tag","embeddable":true,"href":"https:\/\/www.houseluz.com\/index.php?rest_route=%2Fwp%2Fv2%2Fproduct_tag&post=514"}],"curies":[{"name":"wp","href":"https:\/\/api.w.org\/{rel}","templated":true}]}}