{"id":502,"date":"2024-06-03T08:35:44","date_gmt":"2024-06-03T08:35:44","guid":{"rendered":"https:\/\/www.houseluz.com\/?post_type=product&#038;p=502"},"modified":"2024-06-04T16:52:59","modified_gmt":"2024-06-04T16:52:59","slug":"mato","status":"publish","type":"product","link":"https:\/\/www.houseluz.com\/?product=mato","title":{"rendered":"Mato"},"content":{"rendered":"<p>Descubre el ventilador de techo Mato en color blanco, una joya de dise\u00f1o moderno y original que combina funcionalidad y estilo. Equipado con cinco aspas transparentes, este ventilador incorpora un motor DC de alta eficiencia y ofrece 6 velocidades para un control \u00f3ptimo del flujo de aire.<\/p>\n<p>La tecnolog\u00eda LED integrada de 72W proporciona una impresionante luminosidad de 6120 l\u00famenes, con la ventaja de ser regulable en intensidad y temperatura de color, ajust\u00e1ndose entre 3000K, 4000K y 6000K, para crear la atm\u00f3sfera perfecta en cualquier momento. El ventilador Mato incluye un mando a distancia que facilita su uso, permitiendo memorizar el color de luz preferido y programar el temporizador en intervalos de 1, 2, 4 y 8 horas.<\/p>\n<p>Fabricado en metal, ABS y policarbonato, sus dimensiones compactas de 22x58x58 cm lo hacen ideal para cualquier espacio, aportando un toque contempor\u00e1neo y elegante.<\/p>\n","protected":false},"excerpt":{"rendered":"<p>Descubre el ventilador de techo Mato en color blanco, una joya de dise\u00f1o moderno y original que combina funcionalidad y estilo. Equipado con cinco aspas transparentes, este ventilador incorpora un motor DC de alta eficiencia y ofrece 6 velocidades para un control \u00f3ptimo del flujo de aire. La tecnolog\u00eda LED integrada de 72W proporciona una [&hellip;]<\/p>\n","protected":false},"featured_media":503,"comment_status":"open","ping_status":"closed","template":"","meta":[],"product_cat":[67,68,62],"product_tag":[],"_links":{"self":[{"href":"https:\/\/www.houseluz.com\/index.php?rest_route=\/wp\/v2\/product\/502"}],"collection":[{"href":"https:\/\/www.houseluz.com\/index.php?rest_route=\/wp\/v2\/product"}],"about":[{"href":"https:\/\/www.houseluz.com\/index.php?rest_route=\/wp\/v2\/types\/product"}],"replies":[{"embeddable":true,"href":"https:\/\/www.houseluz.com\/index.php?rest_route=%2Fwp%2Fv2%2Fcomments&post=502"}],"wp:featuredmedia":[{"embeddable":true,"href":"https:\/\/www.houseluz.com\/index.php?rest_route=\/wp\/v2\/media\/503"}],"wp:attachment":[{"href":"https:\/\/www.houseluz.com\/index.php?rest_route=%2Fwp%2Fv2%2Fmedia&parent=502"}],"wp:term":[{"taxonomy":"product_cat","embeddable":true,"href":"https:\/\/www.houseluz.com\/index.php?rest_route=%2Fwp%2Fv2%2Fproduct_cat&post=502"},{"taxonomy":"product_tag","embeddable":true,"href":"https:\/\/www.houseluz.com\/index.php?rest_route=%2Fwp%2Fv2%2Fproduct_tag&post=502"}],"curies":[{"name":"wp","href":"https:\/\/api.w.org\/{rel}","templated":true}]}}