{"id":493,"date":"2024-05-30T10:32:10","date_gmt":"2024-05-30T10:32:10","guid":{"rendered":"https:\/\/www.houseluz.com\/?post_type=product&#038;p=493"},"modified":"2024-05-30T10:32:10","modified_gmt":"2024-05-30T10:32:10","slug":"duero-madera","status":"publish","type":"product","link":"https:\/\/www.houseluz.com\/?product=duero-madera","title":{"rendered":"Duero Madera"},"content":{"rendered":"<p>El ventilador de techo Duero, con su dise\u00f1o elegante y funcional, es la soluci\u00f3n perfecta para estancias grandes que buscan una ventilaci\u00f3n eficiente sin la necesidad de iluminaci\u00f3n integrada. Con 3 aspas fijas y un di\u00e1metro de 132 cm, este ventilador est\u00e1 impulsado por un motor DC ultra silencioso de 30W, ofreciendo 6 velocidades para un control \u00f3ptimo del flujo de aire en cualquier estaci\u00f3n, gracias a su funci\u00f3n de verano e invierno.<\/p>\n<p>El modelo Duero, libre de luz integrada, es ideal para espacios amplios de hasta 25 m\u00b2, proporcionando una ventilaci\u00f3n potente y uniforme. Su estructura robusta, fabricada en acero y pl\u00e1stico ABS, asegura durabilidad y estilo, complementando cualquier decoraci\u00f3n con su dise\u00f1o moderno y sofisticado.<\/p>\n<p>Con la posibilidad de programaci\u00f3n entre 1 y 8 horas, el Duero ofrece un uso personalizado y conveniente. Incluye un mando a distancia para facilitar su operaci\u00f3n, con pilas incluidas para una mayor comodidad.<\/p>\n","protected":false},"excerpt":{"rendered":"<p>El ventilador de techo Duero, con su dise\u00f1o elegante y funcional, es la soluci\u00f3n perfecta para estancias grandes que buscan una ventilaci\u00f3n eficiente sin la necesidad de iluminaci\u00f3n integrada. Con 3 aspas fijas y un di\u00e1metro de 132 cm, este ventilador est\u00e1 impulsado por un motor DC ultra silencioso de 30W, ofreciendo 6 velocidades para [&hellip;]<\/p>\n","protected":false},"featured_media":494,"comment_status":"open","ping_status":"closed","template":"","meta":[],"product_cat":[65,62],"product_tag":[],"_links":{"self":[{"href":"https:\/\/www.houseluz.com\/index.php?rest_route=\/wp\/v2\/product\/493"}],"collection":[{"href":"https:\/\/www.houseluz.com\/index.php?rest_route=\/wp\/v2\/product"}],"about":[{"href":"https:\/\/www.houseluz.com\/index.php?rest_route=\/wp\/v2\/types\/product"}],"replies":[{"embeddable":true,"href":"https:\/\/www.houseluz.com\/index.php?rest_route=%2Fwp%2Fv2%2Fcomments&post=493"}],"wp:featuredmedia":[{"embeddable":true,"href":"https:\/\/www.houseluz.com\/index.php?rest_route=\/wp\/v2\/media\/494"}],"wp:attachment":[{"href":"https:\/\/www.houseluz.com\/index.php?rest_route=%2Fwp%2Fv2%2Fmedia&parent=493"}],"wp:term":[{"taxonomy":"product_cat","embeddable":true,"href":"https:\/\/www.houseluz.com\/index.php?rest_route=%2Fwp%2Fv2%2Fproduct_cat&post=493"},{"taxonomy":"product_tag","embeddable":true,"href":"https:\/\/www.houseluz.com\/index.php?rest_route=%2Fwp%2Fv2%2Fproduct_tag&post=493"}],"curies":[{"name":"wp","href":"https:\/\/api.w.org\/{rel}","templated":true}]}}