{"id":472,"date":"2024-05-30T10:08:48","date_gmt":"2024-05-30T10:08:48","guid":{"rendered":"https:\/\/www.houseluz.com\/?post_type=product&#038;p=472"},"modified":"2024-06-04T16:40:32","modified_gmt":"2024-06-04T16:40:32","slug":"rin","status":"publish","type":"product","link":"https:\/\/www.houseluz.com\/?product=rin","title":{"rendered":"Rin"},"content":{"rendered":"<p>El ventilador de techo Rin es una elegante soluci\u00f3n de iluminaci\u00f3n y ventilaci\u00f3n dise\u00f1ada para espacios peque\u00f1os. Con 3 aspas fijas y un di\u00e1metro de 66 cm, este sofisticado ventilador cuenta con un motor DC ultra silencioso de 30W, que proporciona un rendimiento eficiente y silencioso. Ofrece 6 velocidades diferentes, adapt\u00e1ndose perfectamente a tus necesidades tanto en verano como en invierno.<\/p>\n<p>El modelo Rin integra una luz LED de 18W y 1800 l\u00famenes, ideal para iluminar estancias de hasta 10 m\u00b2 con una luz clara y agradable. Su dise\u00f1o moderno y refinado, con un cuerpo en acero y pl\u00e1stico ABS pintado en blanco y un difusor acr\u00edlico, se adapta armoniosamente a cualquier decoraci\u00f3n interior.<\/p>\n<p>Programable entre 30 minutos y 8 horas, el ventilador Rin permite un control personalizado y pr\u00e1ctico de su funcionamiento. Incluye un mando a distancia para facilitar su uso y brindar una mayor comodidad.<\/p>\n<p>Para m\u00e1s detalles t\u00e9cnicos, envie un correo electr\u00f3nico o ll\u00e1menos.<\/p>\n","protected":false},"excerpt":{"rendered":"<p>El ventilador de techo Rin es una elegante soluci\u00f3n de iluminaci\u00f3n y ventilaci\u00f3n dise\u00f1ada para espacios peque\u00f1os. Con 3 aspas fijas y un di\u00e1metro de 66 cm, este sofisticado ventilador cuenta con un motor DC ultra silencioso de 30W, que proporciona un rendimiento eficiente y silencioso. Ofrece 6 velocidades diferentes, adapt\u00e1ndose perfectamente a tus necesidades [&hellip;]<\/p>\n","protected":false},"featured_media":473,"comment_status":"open","ping_status":"closed","template":"","meta":[],"product_cat":[64,62],"product_tag":[],"_links":{"self":[{"href":"https:\/\/www.houseluz.com\/index.php?rest_route=\/wp\/v2\/product\/472"}],"collection":[{"href":"https:\/\/www.houseluz.com\/index.php?rest_route=\/wp\/v2\/product"}],"about":[{"href":"https:\/\/www.houseluz.com\/index.php?rest_route=\/wp\/v2\/types\/product"}],"replies":[{"embeddable":true,"href":"https:\/\/www.houseluz.com\/index.php?rest_route=%2Fwp%2Fv2%2Fcomments&post=472"}],"wp:featuredmedia":[{"embeddable":true,"href":"https:\/\/www.houseluz.com\/index.php?rest_route=\/wp\/v2\/media\/473"}],"wp:attachment":[{"href":"https:\/\/www.houseluz.com\/index.php?rest_route=%2Fwp%2Fv2%2Fmedia&parent=472"}],"wp:term":[{"taxonomy":"product_cat","embeddable":true,"href":"https:\/\/www.houseluz.com\/index.php?rest_route=%2Fwp%2Fv2%2Fproduct_cat&post=472"},{"taxonomy":"product_tag","embeddable":true,"href":"https:\/\/www.houseluz.com\/index.php?rest_route=%2Fwp%2Fv2%2Fproduct_tag&post=472"}],"curies":[{"name":"wp","href":"https:\/\/api.w.org\/{rel}","templated":true}]}}