{"id":459,"date":"2024-05-30T09:56:18","date_gmt":"2024-05-30T09:56:18","guid":{"rendered":"https:\/\/www.houseluz.com\/?post_type=product&#038;p=459"},"modified":"2024-05-30T09:56:18","modified_gmt":"2024-05-30T09:56:18","slug":"serpis","status":"publish","type":"product","link":"https:\/\/www.houseluz.com\/?product=serpis","title":{"rendered":"Serpis"},"content":{"rendered":"<p>El ventilador de techo Serpis, con aspas retr\u00e1ctiles, ofrece una mezcla exquisita de dise\u00f1o elegante y tecnolog\u00eda avanzada. Este ventilador cuenta con 4 aspas que se despliegan hasta un di\u00e1metro de 106 cm, impulsado por un motor DC ultra silencioso de 33W que garantiza un funcionamiento tranquilo y eficiente. Con 6 velocidades ajustables, y la funci\u00f3n verano e invierno, proporciona un confort \u00f3ptimo durante todo el a\u00f1o.<\/p>\n<p>El modelo Serpis incluye una luz LED integrada de 36W y 3600 l\u00famenes, ideal para iluminar estancias amplias de hasta 25 m\u00b2. Su estructura, compuesta de acero y pl\u00e1stico ABS pintado en blanco, junto con un difusor acr\u00edlico, a\u00f1ade un toque moderno y sofisticado a cualquier espacio. Adem\u00e1s, este ventilador es personalizable gracias a su aro intercambiable de imitaci\u00f3n madera (C\u00f3digo 54032, no incluido), permiti\u00e9ndote adaptar su apariencia a tu estilo decorativo.<\/p>\n<p>Programable entre 30 minutos y 8 horas, el Serpis ofrece una flexibilidad excepcional en su uso diario. Incluye un mando a distancia para un control c\u00f3modo y eficiente, con pilas incluidas para mayor conveniencia.<\/p>\n<p>Para obtener m\u00e1s informaci\u00f3n detallada, envie un correo electr\u00f3nico.<\/p>\n","protected":false},"excerpt":{"rendered":"<p>El ventilador de techo Serpis, con aspas retr\u00e1ctiles, ofrece una mezcla exquisita de dise\u00f1o elegante y tecnolog\u00eda avanzada. Este ventilador cuenta con 4 aspas que se despliegan hasta un di\u00e1metro de 106 cm, impulsado por un motor DC ultra silencioso de 33W que garantiza un funcionamiento tranquilo y eficiente. Con 6 velocidades ajustables, y la [&hellip;]<\/p>\n","protected":false},"featured_media":460,"comment_status":"open","ping_status":"closed","template":"","meta":[],"product_cat":[63,62],"product_tag":[],"_links":{"self":[{"href":"https:\/\/www.houseluz.com\/index.php?rest_route=\/wp\/v2\/product\/459"}],"collection":[{"href":"https:\/\/www.houseluz.com\/index.php?rest_route=\/wp\/v2\/product"}],"about":[{"href":"https:\/\/www.houseluz.com\/index.php?rest_route=\/wp\/v2\/types\/product"}],"replies":[{"embeddable":true,"href":"https:\/\/www.houseluz.com\/index.php?rest_route=%2Fwp%2Fv2%2Fcomments&post=459"}],"wp:featuredmedia":[{"embeddable":true,"href":"https:\/\/www.houseluz.com\/index.php?rest_route=\/wp\/v2\/media\/460"}],"wp:attachment":[{"href":"https:\/\/www.houseluz.com\/index.php?rest_route=%2Fwp%2Fv2%2Fmedia&parent=459"}],"wp:term":[{"taxonomy":"product_cat","embeddable":true,"href":"https:\/\/www.houseluz.com\/index.php?rest_route=%2Fwp%2Fv2%2Fproduct_cat&post=459"},{"taxonomy":"product_tag","embeddable":true,"href":"https:\/\/www.houseluz.com\/index.php?rest_route=%2Fwp%2Fv2%2Fproduct_tag&post=459"}],"curies":[{"name":"wp","href":"https:\/\/api.w.org\/{rel}","templated":true}]}}