{"id":448,"date":"2024-05-29T13:17:28","date_gmt":"2024-05-29T13:17:28","guid":{"rendered":"https:\/\/www.houseluz.com\/?post_type=product&#038;p=448"},"modified":"2024-05-29T13:17:28","modified_gmt":"2024-05-29T13:17:28","slug":"nilo-de-madera","status":"publish","type":"product","link":"https:\/\/www.houseluz.com\/?product=nilo-de-madera","title":{"rendered":"Nilo de Madera"},"content":{"rendered":"<p>El ventilador de techo Nilo Madera es una fusi\u00f3n perfecta de elegancia natural y tecnolog\u00eda avanzada. Este sofisticado ventilador cuenta con 3 aspas fijas de imitaci\u00f3n en madera, extendi\u00e9ndose a un di\u00e1metro de 122 cm, lo que lo convierte en una pieza destacada para cualquier espacio. Equipado con un motor DC ultra silencioso de 30W, ofrece 6 velocidades para un ajuste personalizado del flujo de aire y cuenta con la funci\u00f3n de verano e invierno para un confort \u00f3ptimo durante todo el a\u00f1o.<\/p>\n<p>El modelo Nilo Madera incorpora una luz LED de 30W con una luminosidad de 4100 l\u00famenes, ideal para iluminar estancias grandes de hasta 25 m\u00b2. Su dise\u00f1o, que combina un cuerpo de acero y pl\u00e1stico ABS pintado en blanco con aspas de imitaci\u00f3n en madera y un difusor acr\u00edlico, aporta un toque c\u00e1lido y contempor\u00e1neo a cualquier ambiente.<\/p>\n<p>Programable entre 1 y 8 horas, el ventilador Nilo Madera permite un control preciso de su funcionamiento. Incluye un mando a distancia para una operaci\u00f3n c\u00f3moda y eficiente.<\/p>\n","protected":false},"excerpt":{"rendered":"<p>El ventilador de techo Nilo Madera es una fusi\u00f3n perfecta de elegancia natural y tecnolog\u00eda avanzada. Este sofisticado ventilador cuenta con 3 aspas fijas de imitaci\u00f3n en madera, extendi\u00e9ndose a un di\u00e1metro de 122 cm, lo que lo convierte en una pieza destacada para cualquier espacio. Equipado con un motor DC ultra silencioso de 30W, [&hellip;]<\/p>\n","protected":false},"featured_media":449,"comment_status":"open","ping_status":"closed","template":"","meta":[],"product_cat":[64,62],"product_tag":[],"_links":{"self":[{"href":"https:\/\/www.houseluz.com\/index.php?rest_route=\/wp\/v2\/product\/448"}],"collection":[{"href":"https:\/\/www.houseluz.com\/index.php?rest_route=\/wp\/v2\/product"}],"about":[{"href":"https:\/\/www.houseluz.com\/index.php?rest_route=\/wp\/v2\/types\/product"}],"replies":[{"embeddable":true,"href":"https:\/\/www.houseluz.com\/index.php?rest_route=%2Fwp%2Fv2%2Fcomments&post=448"}],"wp:featuredmedia":[{"embeddable":true,"href":"https:\/\/www.houseluz.com\/index.php?rest_route=\/wp\/v2\/media\/449"}],"wp:attachment":[{"href":"https:\/\/www.houseluz.com\/index.php?rest_route=%2Fwp%2Fv2%2Fmedia&parent=448"}],"wp:term":[{"taxonomy":"product_cat","embeddable":true,"href":"https:\/\/www.houseluz.com\/index.php?rest_route=%2Fwp%2Fv2%2Fproduct_cat&post=448"},{"taxonomy":"product_tag","embeddable":true,"href":"https:\/\/www.houseluz.com\/index.php?rest_route=%2Fwp%2Fv2%2Fproduct_tag&post=448"}],"curies":[{"name":"wp","href":"https:\/\/api.w.org\/{rel}","templated":true}]}}