{"id":440,"date":"2024-05-29T13:09:31","date_gmt":"2024-05-29T13:09:31","guid":{"rendered":"https:\/\/www.houseluz.com\/?post_type=product&#038;p=440"},"modified":"2024-05-29T13:09:31","modified_gmt":"2024-05-29T13:09:31","slug":"loira","status":"publish","type":"product","link":"https:\/\/www.houseluz.com\/?product=loira","title":{"rendered":"Loira"},"content":{"rendered":"<p>El ventilador de techo Loira con aspas retr\u00e1ctiles es una pieza destacada de dise\u00f1o y tecnolog\u00eda avanzada. Con 3 aspas y un di\u00e1metro de 106 cm al desplegarse, este elegante ventilador cuenta con un motor DC ultra silencioso de 35W, ofreciendo 6 velocidades que garantizan un rendimiento \u00f3ptimo y un confort inigualable durante todo el a\u00f1o, gracias a su funci\u00f3n de verano e invierno.<\/p>\n<p>El modelo Loira es programable entre 30 minutos y 8 horas, permitiendo una personalizaci\u00f3n total de su funcionamiento. La luz LED integrada de 36W y 3600 l\u00famenes es perfecta para iluminar estancias de hasta 25 m\u00b2, proporcionando una iluminaci\u00f3n clara y uniforme. Su estructura en acero y pl\u00e1stico ABS, complementada con un difusor acr\u00edlico, se integra a la perfecci\u00f3n en cualquier estilo decorativo, a\u00f1adiendo un toque contempor\u00e1neo y sofisticado.<\/p>\n<p>El ventilador incluye un mando a distancia para una operaci\u00f3n c\u00f3moda y sencilla, con las pilas necesarias ya incluidas. Adem\u00e1s, est\u00e1 disponible en distintos acabados para adaptarse a tus preferencias decorativas. Para m\u00e1s informaci\u00f3n, no dudes en contactarnos a trav\u00e9s de correo electr\u00f3nico.<\/p>\n","protected":false},"excerpt":{"rendered":"<p>El ventilador de techo Loira con aspas retr\u00e1ctiles es una pieza destacada de dise\u00f1o y tecnolog\u00eda avanzada. Con 3 aspas y un di\u00e1metro de 106 cm al desplegarse, este elegante ventilador cuenta con un motor DC ultra silencioso de 35W, ofreciendo 6 velocidades que garantizan un rendimiento \u00f3ptimo y un confort inigualable durante todo el [&hellip;]<\/p>\n","protected":false},"featured_media":441,"comment_status":"open","ping_status":"closed","template":"","meta":[],"product_cat":[63,62],"product_tag":[],"_links":{"self":[{"href":"https:\/\/www.houseluz.com\/index.php?rest_route=\/wp\/v2\/product\/440"}],"collection":[{"href":"https:\/\/www.houseluz.com\/index.php?rest_route=\/wp\/v2\/product"}],"about":[{"href":"https:\/\/www.houseluz.com\/index.php?rest_route=\/wp\/v2\/types\/product"}],"replies":[{"embeddable":true,"href":"https:\/\/www.houseluz.com\/index.php?rest_route=%2Fwp%2Fv2%2Fcomments&post=440"}],"wp:featuredmedia":[{"embeddable":true,"href":"https:\/\/www.houseluz.com\/index.php?rest_route=\/wp\/v2\/media\/441"}],"wp:attachment":[{"href":"https:\/\/www.houseluz.com\/index.php?rest_route=%2Fwp%2Fv2%2Fmedia&parent=440"}],"wp:term":[{"taxonomy":"product_cat","embeddable":true,"href":"https:\/\/www.houseluz.com\/index.php?rest_route=%2Fwp%2Fv2%2Fproduct_cat&post=440"},{"taxonomy":"product_tag","embeddable":true,"href":"https:\/\/www.houseluz.com\/index.php?rest_route=%2Fwp%2Fv2%2Fproduct_tag&post=440"}],"curies":[{"name":"wp","href":"https:\/\/api.w.org\/{rel}","templated":true}]}}