{"id":432,"date":"2024-05-29T12:52:06","date_gmt":"2024-05-29T12:52:06","guid":{"rendered":"https:\/\/www.houseluz.com\/?post_type=product&#038;p=432"},"modified":"2024-05-29T12:54:42","modified_gmt":"2024-05-29T12:54:42","slug":"sena","status":"publish","type":"product","link":"https:\/\/www.houseluz.com\/?product=sena","title":{"rendered":"Sena"},"content":{"rendered":"<p>Descubre el sofisticado ventilador de techo Sena con aspas retr\u00e1ctiles, una combinaci\u00f3n perfecta de estilo y funcionalidad. Este elegante ventilador, con 4 aspas y un di\u00e1metro de 107 cm al desplegarse, est\u00e1 equipado con un motor DC ultra silencioso de 33W y ofrece 6 velocidades diferentes, proporcionando un confort excepcional en cualquier momento del a\u00f1o gracias a su funci\u00f3n verano e invierno.<\/p>\n<p>El modelo Sena es programable entre 30 minutos y 8 horas, permitiendo una personalizaci\u00f3n completa de su uso. Adem\u00e1s, cuenta con una luz LED integrada de 36W y 4000 l\u00famenes, ideal para iluminar estancias de hasta 25 m\u00b2 con una luz clara y agradable. Su dise\u00f1o en acero y pl\u00e1stico ABS pintado en blanco, junto con un difusor acr\u00edlico, le confiere un aspecto moderno y sofisticado que se adapta a cualquier decoraci\u00f3n.<\/p>\n<p>Incluye un mando a distancia para un control f\u00e1cil y c\u00f3modo, con las pilas necesarias ya incluidas. Para conocer m\u00e1s detalles t\u00e9cnicos, envi\u00e9nos un ocrreo electr\u00f3nico<\/p>\n","protected":false},"excerpt":{"rendered":"<p>Descubre el sofisticado ventilador de techo Sena con aspas retr\u00e1ctiles, una combinaci\u00f3n perfecta de estilo y funcionalidad. Este elegante ventilador, con 4 aspas y un di\u00e1metro de 107 cm al desplegarse, est\u00e1 equipado con un motor DC ultra silencioso de 33W y ofrece 6 velocidades diferentes, proporcionando un confort excepcional en cualquier momento del a\u00f1o [&hellip;]<\/p>\n","protected":false},"featured_media":433,"comment_status":"open","ping_status":"closed","template":"","meta":[],"product_cat":[63,62],"product_tag":[],"_links":{"self":[{"href":"https:\/\/www.houseluz.com\/index.php?rest_route=\/wp\/v2\/product\/432"}],"collection":[{"href":"https:\/\/www.houseluz.com\/index.php?rest_route=\/wp\/v2\/product"}],"about":[{"href":"https:\/\/www.houseluz.com\/index.php?rest_route=\/wp\/v2\/types\/product"}],"replies":[{"embeddable":true,"href":"https:\/\/www.houseluz.com\/index.php?rest_route=%2Fwp%2Fv2%2Fcomments&post=432"}],"wp:featuredmedia":[{"embeddable":true,"href":"https:\/\/www.houseluz.com\/index.php?rest_route=\/wp\/v2\/media\/433"}],"wp:attachment":[{"href":"https:\/\/www.houseluz.com\/index.php?rest_route=%2Fwp%2Fv2%2Fmedia&parent=432"}],"wp:term":[{"taxonomy":"product_cat","embeddable":true,"href":"https:\/\/www.houseluz.com\/index.php?rest_route=%2Fwp%2Fv2%2Fproduct_cat&post=432"},{"taxonomy":"product_tag","embeddable":true,"href":"https:\/\/www.houseluz.com\/index.php?rest_route=%2Fwp%2Fv2%2Fproduct_tag&post=432"}],"curies":[{"name":"wp","href":"https:\/\/api.w.org\/{rel}","templated":true}]}}