{"id":426,"date":"2024-05-29T10:10:29","date_gmt":"2024-05-29T10:10:29","guid":{"rendered":"https:\/\/www.houseluz.com\/?post_type=product&#038;p=426"},"modified":"2024-05-29T12:42:10","modified_gmt":"2024-05-29T12:42:10","slug":"danubio","status":"publish","type":"product","link":"https:\/\/www.houseluz.com\/?product=danubio","title":{"rendered":"Danubio"},"content":{"rendered":"<p>El ventilador de techo Danubio con aspas retr\u00e1ctiles es una pieza elegante y funcional para cualquier hogar. Con un di\u00e1metro de 108 cm cuando las aspas est\u00e1n desplegadas, este ventilador cuenta con 3 aspas y un motor DC ultra silencioso de 35W con 6 velocidades, asegurando un funcionamiento eficiente y silencioso. Adem\u00e1s, ofrece la opci\u00f3n de funcionamiento en modo verano e invierno, adapt\u00e1ndose a tus necesidades durante todo el a\u00f1o.<\/p>\n<p>El modelo Danubio es programable entre 30 minutos y 8 horas, lo que permite un control preciso del tiempo de funcionamiento. Incluye una luz LED integrada de 55W con 5000 l\u00famenes, ideal para iluminar amplias estancias de hasta 25 m\u00b2. Su dise\u00f1o en acero y pl\u00e1stico ABS, pintado en blanco, y el difusor acr\u00edlico a\u00f1aden un toque moderno y sofisticado a cualquier decoraci\u00f3n.<\/p>\n<p>El ventilador viene con un mando a distancia, pilas incluidas, para un manejo c\u00f3modo y sencillo. Para m\u00e1s detalles, envienos un correo electr\u00f3nico o contactenos.<\/p>\n","protected":false},"excerpt":{"rendered":"<p>El ventilador de techo Danubio con aspas retr\u00e1ctiles es una pieza elegante y funcional para cualquier hogar. Con un di\u00e1metro de 108 cm cuando las aspas est\u00e1n desplegadas, este ventilador cuenta con 3 aspas y un motor DC ultra silencioso de 35W con 6 velocidades, asegurando un funcionamiento eficiente y silencioso. Adem\u00e1s, ofrece la opci\u00f3n [&hellip;]<\/p>\n","protected":false},"featured_media":428,"comment_status":"open","ping_status":"closed","template":"","meta":[],"product_cat":[63,62],"product_tag":[],"_links":{"self":[{"href":"https:\/\/www.houseluz.com\/index.php?rest_route=\/wp\/v2\/product\/426"}],"collection":[{"href":"https:\/\/www.houseluz.com\/index.php?rest_route=\/wp\/v2\/product"}],"about":[{"href":"https:\/\/www.houseluz.com\/index.php?rest_route=\/wp\/v2\/types\/product"}],"replies":[{"embeddable":true,"href":"https:\/\/www.houseluz.com\/index.php?rest_route=%2Fwp%2Fv2%2Fcomments&post=426"}],"wp:featuredmedia":[{"embeddable":true,"href":"https:\/\/www.houseluz.com\/index.php?rest_route=\/wp\/v2\/media\/428"}],"wp:attachment":[{"href":"https:\/\/www.houseluz.com\/index.php?rest_route=%2Fwp%2Fv2%2Fmedia&parent=426"}],"wp:term":[{"taxonomy":"product_cat","embeddable":true,"href":"https:\/\/www.houseluz.com\/index.php?rest_route=%2Fwp%2Fv2%2Fproduct_cat&post=426"},{"taxonomy":"product_tag","embeddable":true,"href":"https:\/\/www.houseluz.com\/index.php?rest_route=%2Fwp%2Fv2%2Fproduct_tag&post=426"}],"curies":[{"name":"wp","href":"https:\/\/api.w.org\/{rel}","templated":true}]}}