{"id":1001,"date":"2024-07-11T16:58:46","date_gmt":"2024-07-11T16:58:46","guid":{"rendered":"https:\/\/www.houseluz.com\/?post_type=product&#038;p=1001"},"modified":"2024-07-15T16:49:08","modified_gmt":"2024-07-15T16:49:08","slug":"ps-1","status":"publish","type":"product","link":"https:\/\/www.houseluz.com\/?product=ps-1","title":{"rendered":"PS-1"},"content":{"rendered":"<p>PS-1 es una luminaria que combina elegancia y funcionalidad, dise\u00f1ada para proporcionar una iluminaci\u00f3n \u00f3ptima en cualquier entorno. Con un dise\u00f1o moderno y l\u00edneas limpias, esta l\u00e1mpara es ideal para quienes buscan a\u00f1adir un toque de sofisticaci\u00f3n a su espacio sin sacrificar la eficiencia energ\u00e9tica.<\/p>\n<p>Especificaciones:<\/p>\n<p>Di\u00e1metro Base: 220 mm<br \/>\nMedidas Perfil: 17 x 8 x 610 mm<br \/>\nAltura Total: 1570 mm + 630 mm<br \/>\nFuente de Luz: LED 10W, 3000K con regulaci\u00f3n t\u00e1ctil<\/p>\n<p>Caracter\u00edsticas Destacadas:<\/p>\n<p>Regulaci\u00f3n T\u00e1ctil: Permite ajustar la intensidad de la luz de manera c\u00f3moda con un simple toque.<br \/>\nLuz C\u00e1lida: La temperatura de color de 3000K ofrece una iluminaci\u00f3n c\u00e1lida y acogedora, ideal para crear ambientes agradables.<br \/>\nDise\u00f1o Contempor\u00e1neo: Su dise\u00f1o elegante y minimalista se adapta perfectamente a cualquier decoraci\u00f3n moderna.<br \/>\nEficiencia Energ\u00e9tica: Equipado con tecnolog\u00eda LED de 10W, proporciona una iluminaci\u00f3n eficiente y duradera, ahorrando en costos de energ\u00eda.<\/p>\n","protected":false},"excerpt":{"rendered":"<p>PS-1 es una luminaria que combina elegancia y funcionalidad, dise\u00f1ada para proporcionar una iluminaci\u00f3n \u00f3ptima en cualquier entorno. Con un dise\u00f1o moderno y l\u00edneas limpias, esta l\u00e1mpara es ideal para quienes buscan a\u00f1adir un toque de sofisticaci\u00f3n a su espacio sin sacrificar la eficiencia energ\u00e9tica. Especificaciones: Di\u00e1metro Base: 220 mm Medidas Perfil: 17 x 8 [&hellip;]<\/p>\n","protected":false},"featured_media":0,"comment_status":"open","ping_status":"closed","template":"","meta":[],"product_cat":[71],"product_tag":[],"_links":{"self":[{"href":"https:\/\/www.houseluz.com\/index.php?rest_route=\/wp\/v2\/product\/1001"}],"collection":[{"href":"https:\/\/www.houseluz.com\/index.php?rest_route=\/wp\/v2\/product"}],"about":[{"href":"https:\/\/www.houseluz.com\/index.php?rest_route=\/wp\/v2\/types\/product"}],"replies":[{"embeddable":true,"href":"https:\/\/www.houseluz.com\/index.php?rest_route=%2Fwp%2Fv2%2Fcomments&post=1001"}],"wp:attachment":[{"href":"https:\/\/www.houseluz.com\/index.php?rest_route=%2Fwp%2Fv2%2Fmedia&parent=1001"}],"wp:term":[{"taxonomy":"product_cat","embeddable":true,"href":"https:\/\/www.houseluz.com\/index.php?rest_route=%2Fwp%2Fv2%2Fproduct_cat&post=1001"},{"taxonomy":"product_tag","embeddable":true,"href":"https:\/\/www.houseluz.com\/index.php?rest_route=%2Fwp%2Fv2%2Fproduct_tag&post=1001"}],"curies":[{"name":"wp","href":"https:\/\/api.w.org\/{rel}","templated":true}]}}